{"id":1232,"date":"2025-04-03T11:22:44","date_gmt":"2025-04-03T15:22:44","guid":{"rendered":"https:\/\/espacenapaga.com\/?page_id=1232"},"modified":"2025-10-10T11:27:55","modified_gmt":"2025-10-10T15:27:55","slug":"environmental-protection","status":"publish","type":"page","link":"https:\/\/espacenapaga.com\/en\/environmental-protection\/","title":{"rendered":"Environmental Protection"},"content":{"rendered":"<div class=\"htb htb-hero   default-margin-top  default-margin-bottom  htb-uid-1  \" style=\"background-image: url(https:\/\/napaga.s3.bhs.io.cloud.ovh.net\/2025\/02\/hero-1-scaled.jpg);\"  >\r\n\t<div class=\"container-xl\">\r\n\t\t<div class=\"row align-items-center justify-content-center\">\r\n\t\t\t<div class=\"col-12\">\r\n\t\t\t\t<div class=\"content-box text-center white\">\r\n\t\t\t\t\t<h1 class=\"orange\">Environmental Protection <span class=\"white\"><\/span><\/h1>\t\t\t\t\t\t\t\t\t<\/div>\r\n\t\t\t<\/div>\r\n\t\t<\/div>\r\n\t<\/div>\r\n\r\n<\/div>\r\n\n\n<div class='htb htb-bootsrap-container '><div class=\"wp-bootstrap-blocks-container container-xl mb-0\">\n\t\n<div class=\"wp-bootstrap-blocks-row row\">\n\t\n\n<div class=\"col-12 col-md-8\">\n\t\t\t\n\n<h2 class=\"wp-block-heading\"><strong>Our commitment<\/strong><\/h2>\n\n\n\n<p>Espace NAPAGA is an accredited museum institution whose mission is to protect, study, and interpret the Pabos archaeological site \u2014 <a href=\"https:\/\/www.patrimoine-culturel.gouv.qc.ca\/rpcq\/detail.do?methode=consulter&amp;id=92580&amp;type=bien\"><span style=\"text-decoration: underline;\">designated as a heritage site<\/span><\/a> (French only) by Qu\u00e9bec\u2019s Minist\u00e8re de la Culture et des Communications (Ministry of Culture and Communications) for its historical, ethnological, and archaeological value. Its goal is to highlight the site\u2019s significance in the history of Qu\u00e9bec and of the region.<\/p>\n\n\n\n<p>Visitors will discover an exceptional natural setting whose heritage and ecological value must be preserved. This fragile environment holds remarkable archaeological and historical potential that could be damaged or lost through inappropriate actions or behaviour.<\/p>\n\n\n\n<p>Thus, the Corporation du Bourg de Pabos<em> <\/em>implements environmental protection and sustainable development measures to fulfill its mission. Indeed, sustainable development is an integral part of the organization\u2019s mandate. For reference, the Corporation adheres to the definition of sustainable development provided by theMinist\u00e8re de l\u2019Environnement et de la Lutte contre les changements climatiques du Qu\u00e9bec (Ministry of the Environment, the Fight Against Climate Change, Wildlife and Parks):<\/p>\n\n\n\n<p><em>\u201cSustainable development is development that meets the needs of the present without compromising the ability of future generations to meet their own needs. It is based on a long-term vision that considers the environmental, social, and economic dimensions, which are inseparable from development activities.\u201d<\/em><\/p>\n\n\n\n<h3 class=\"wp-block-heading\"><strong>Protecting the cultural heritage of the Pabos archaeological site<\/strong><\/h3>\n\n\n\n<p>Showcasing the archaeological site without compromising its preservation and ensuring fair access for both present and future generations is therefore essential.<\/p>\n\n\n\n<p>Protecting the integrity of the archaeological resource also requires preserving the site\u2019s natural environment. At the same time, the Corporation is committed to raising awareness among all stakeholders of the museum about the importance of safeguarding this heritage.<\/p>\n\n\n\n<h4 class=\"wp-block-heading\">Key measures<\/h4>\n\n\n\n<ol class=\"wp-block-list\">\n<li>For each new activity or service, the Corporation applies the rules and principles set out in the Management Plan for the Archaeological Resource of the Pabos Archaeological Site. This plan is reviewed regularly to ensure it incorporates the latest best practices.<\/li>\n\n\n\n<li>Protect overall biodiversity and rare or threatened species on the site by enforcing regulations against prohibited practices such as duck hunting, mushroom picking, tree cutting, fires, unauthorized gatherings, and illegal dumping (waste).<\/li>\n\n\n\n<li>Share the Code of Conduct and Visitor Commitment both on-site and online.<\/li>\n\n\n\n<li>Establish a Protection Fund for the Pabos Archaeological Site, financed through a mandatory contribution included in the price of each adult ticket.<\/li>\n<\/ol>\n\n\n\n<h3 class=\"wp-block-heading\"><strong>Minimizing the environmental impact of activities on the archaeological site<\/strong><\/h3>\n\n\n\n<p>Operating Espace NAPAGA on an archaeological site requires suitable, well-maintained infrastructure. Guided by sustainable development principles, the Corporation is committed to actions that reduce the environmental impact of its current and future operations.<\/p>\n\n\n\n<h3 class=\"wp-block-heading\">Key measures<\/h3>\n\n\n\n<ol class=\"wp-block-list\">\n<li>Improve the energy efficiency of buildings and equipment during repairs or refurbishment, and make sustainable, thoughtful choices when replacing or acquiring items that cannot be repaired.<\/li>\n\n\n\n<li>Promote responsible sourcing in all operations.\n<ul class=\"wp-block-list\">\n<li>On-site and in exhibition management, encourage the reuse of materials and optimize the use of existing spaces to meet new needs.<\/li>\n\n\n\n<li>For products and technical tools, prioritize items with recognized environmental certifications (Energy Star, EcoLogo, FSC, etc.), long lifespans, and those produced in Qu\u00e9bec or Canada.<\/li>\n\n\n\n<li>Maintain a supply of local food, ideally organic or sourced from certified sustainable fisheries, to offer food options with a lower environmental impact.<\/li>\n<\/ul>\n<\/li>\n<\/ol>\n\n\n\n<h3 class=\"wp-block-heading\"><strong>Environmentally responsible waste management<\/strong><\/h3>\n\n\n\n<p>Human presence inevitably produces waste. Espace NAPAGA is committed to responsible waste management and raising awareness among all stakeholders.<\/p>\n\n\n\n<h4 class=\"wp-block-heading\">Key measures<\/h4>\n\n\n\n<ol class=\"wp-block-list\">\n<li>Require contractors to sort construction waste generated by their activities for easier reuse, recycling, or recovery.<\/li>\n\n\n\n<li>Identify multi-material recycling stations on-site and consider adding more as needed.<\/li>\n\n\n\n<li>Raise awareness and encourage visitors to sort their waste properly.<\/li>\n\n\n\n<li>Maintain four-stream sorting at <a href=\"https:\/\/espacenapaga.com\/en\/extra\/restaurant\/\"><span style=\"text-decoration: underline;\">the bistro<\/span><\/a>.<\/li>\n<\/ol>\n\n\n\n<h3 class=\"wp-block-heading\"><strong>A shared responsibility&nbsp;<\/strong><\/h3>\n\n\n\n<p>The <a href=\"https:\/\/espacenapaga.com\/en\/about-us\/\"><span style=\"text-decoration: underline;\">Corporation du Bourg de Pabos<\/span><\/a>\u2019 management and board of directors ensure that these values and practices are implemented daily with a long-term vision.&nbsp;<\/p>\n\n\n\n<p>Espace NAPAGA staff embody these values and practices in their work and interactions with visitors and suppliers.&nbsp;<\/p>\n\n\n\n<p>Visitors to Espace NAPAGA commit to respecting sustainable development principles, the archaeological site\u2019s environment, and the <a href=\"https:\/\/espacenapaga.com\/en\/visitor-engagement\/\"><span style=\"text-decoration: underline;\">Espace NAPAGA Code of Conduct<\/span><\/a>.<\/p>\n\n\t<\/div>\n\n\n\n<div class=\"col-12 col-md-4\">\n\t\t\t\t<\/div>\n\n<\/div>\n\n<\/div>\n<\/div>","protected":false},"excerpt":{"rendered":"","protected":false},"author":1,"featured_media":0,"parent":0,"menu_order":0,"comment_status":"closed","ping_status":"closed","template":"","meta":{"_acf_changed":false,"footnotes":""},"class_list":["post-1232","page","type-page","status-publish","hentry"],"acf":[],"yoast_head":"<!-- This site is optimized with the Yoast SEO plugin v26.4 - https:\/\/yoast.com\/wordpress\/plugins\/seo\/ -->\n<title>Environmental Protection - Espace NAPAGA<\/title>\n<meta name=\"robots\" content=\"index, follow, max-snippet:-1, max-image-preview:large, max-video-preview:-1\" \/>\n<link rel=\"canonical\" href=\"https:\/\/espacenapaga.com\/en\/environmental-protection\/\" \/>\n<meta property=\"og:locale\" content=\"en_US\" \/>\n<meta property=\"og:type\" content=\"article\" \/>\n<meta property=\"og:title\" content=\"Environmental Protection - Espace NAPAGA\" \/>\n<meta property=\"og:url\" content=\"https:\/\/espacenapaga.com\/en\/environmental-protection\/\" \/>\n<meta property=\"og:site_name\" content=\"Espace NAPAGA\" \/>\n<meta property=\"article:publisher\" content=\"https:\/\/www.facebook.com\/LeBourgDePabos\" \/>\n<meta property=\"article:modified_time\" content=\"2025-10-10T15:27:55+00:00\" \/>\n<meta property=\"og:image\" content=\"https:\/\/napaga.s3.bhs.io.cloud.ovh.net\/2025\/04\/napaga-social-1.jpg\" \/>\n\t<meta property=\"og:image:width\" content=\"1200\" \/>\n\t<meta property=\"og:image:height\" content=\"630\" \/>\n\t<meta property=\"og:image:type\" content=\"image\/jpeg\" \/>\n<meta name=\"twitter:card\" content=\"summary_large_image\" \/>\n<meta name=\"twitter:label1\" content=\"Est. reading time\" \/>\n\t<meta name=\"twitter:data1\" content=\"4 minutes\" \/>\n<script type=\"application\/ld+json\" class=\"yoast-schema-graph\">{\"@context\":\"https:\/\/schema.org\",\"@graph\":[{\"@type\":\"WebPage\",\"@id\":\"https:\/\/espacenapaga.com\/en\/environmental-protection\/\",\"url\":\"https:\/\/espacenapaga.com\/en\/environmental-protection\/\",\"name\":\"Environmental Protection - Espace NAPAGA\",\"isPartOf\":{\"@id\":\"https:\/\/espacenapaga.com\/en\/#website\"},\"datePublished\":\"2025-04-03T15:22:44+00:00\",\"dateModified\":\"2025-10-10T15:27:55+00:00\",\"breadcrumb\":{\"@id\":\"https:\/\/espacenapaga.com\/en\/environmental-protection\/#breadcrumb\"},\"inLanguage\":\"en-US\",\"potentialAction\":[{\"@type\":\"ReadAction\",\"target\":[\"https:\/\/espacenapaga.com\/en\/environmental-protection\/\"]}]},{\"@type\":\"BreadcrumbList\",\"@id\":\"https:\/\/espacenapaga.com\/en\/environmental-protection\/#breadcrumb\",\"itemListElement\":[{\"@type\":\"ListItem\",\"position\":1,\"name\":\"Home\",\"item\":\"https:\/\/espacenapaga.com\/en\/\"},{\"@type\":\"ListItem\",\"position\":2,\"name\":\"Environmental Protection\"}]},{\"@type\":\"WebSite\",\"@id\":\"https:\/\/espacenapaga.com\/en\/#website\",\"url\":\"https:\/\/espacenapaga.com\/en\/\",\"name\":\"Espace Napaga\",\"description\":\"Nature et arch\u00e9ologique \u00e0 Pabos Mills en Gasp\u00e9sie\",\"publisher\":{\"@id\":\"https:\/\/espacenapaga.com\/en\/#organization\"},\"potentialAction\":[{\"@type\":\"SearchAction\",\"target\":{\"@type\":\"EntryPoint\",\"urlTemplate\":\"https:\/\/espacenapaga.com\/en\/?s={search_term_string}\"},\"query-input\":{\"@type\":\"PropertyValueSpecification\",\"valueRequired\":true,\"valueName\":\"search_term_string\"}}],\"inLanguage\":\"en-US\"},{\"@type\":\"Organization\",\"@id\":\"https:\/\/espacenapaga.com\/en\/#organization\",\"name\":\"Espace Napaga\",\"url\":\"https:\/\/espacenapaga.com\/en\/\",\"logo\":{\"@type\":\"ImageObject\",\"inLanguage\":\"en-US\",\"@id\":\"https:\/\/espacenapaga.com\/en\/#\/schema\/logo\/image\/\",\"url\":\"https:\/\/napaga.s3.bhs.io.cloud.ovh.net\/2025\/02\/napaga-logoprincipal-orange-2-2.png\",\"contentUrl\":\"https:\/\/napaga.s3.bhs.io.cloud.ovh.net\/2025\/02\/napaga-logoprincipal-orange-2-2.png\",\"width\":150,\"height\":151,\"caption\":\"Espace Napaga\"},\"image\":{\"@id\":\"https:\/\/espacenapaga.com\/en\/#\/schema\/logo\/image\/\"},\"sameAs\":[\"https:\/\/www.facebook.com\/LeBourgDePabos\",\"https:\/\/www.instagram.com\/bourgdepabos\/\"]}]}<\/script>\n<!-- \/ Yoast SEO plugin. -->","yoast_head_json":{"title":"Environmental Protection - Espace NAPAGA","robots":{"index":"index","follow":"follow","max-snippet":"max-snippet:-1","max-image-preview":"max-image-preview:large","max-video-preview":"max-video-preview:-1"},"canonical":"https:\/\/espacenapaga.com\/en\/environmental-protection\/","og_locale":"en_US","og_type":"article","og_title":"Environmental Protection - Espace NAPAGA","og_url":"https:\/\/espacenapaga.com\/en\/environmental-protection\/","og_site_name":"Espace NAPAGA","article_publisher":"https:\/\/www.facebook.com\/LeBourgDePabos","article_modified_time":"2025-10-10T15:27:55+00:00","og_image":[{"width":1200,"height":630,"url":"https:\/\/napaga.s3.bhs.io.cloud.ovh.net\/2025\/04\/napaga-social-1.jpg","type":"image\/jpeg"}],"twitter_card":"summary_large_image","twitter_misc":{"Est. reading time":"4 minutes"},"schema":{"@context":"https:\/\/schema.org","@graph":[{"@type":"WebPage","@id":"https:\/\/espacenapaga.com\/en\/environmental-protection\/","url":"https:\/\/espacenapaga.com\/en\/environmental-protection\/","name":"Environmental Protection - Espace NAPAGA","isPartOf":{"@id":"https:\/\/espacenapaga.com\/en\/#website"},"datePublished":"2025-04-03T15:22:44+00:00","dateModified":"2025-10-10T15:27:55+00:00","breadcrumb":{"@id":"https:\/\/espacenapaga.com\/en\/environmental-protection\/#breadcrumb"},"inLanguage":"en-US","potentialAction":[{"@type":"ReadAction","target":["https:\/\/espacenapaga.com\/en\/environmental-protection\/"]}]},{"@type":"BreadcrumbList","@id":"https:\/\/espacenapaga.com\/en\/environmental-protection\/#breadcrumb","itemListElement":[{"@type":"ListItem","position":1,"name":"Home","item":"https:\/\/espacenapaga.com\/en\/"},{"@type":"ListItem","position":2,"name":"Environmental Protection"}]},{"@type":"WebSite","@id":"https:\/\/espacenapaga.com\/en\/#website","url":"https:\/\/espacenapaga.com\/en\/","name":"Espace Napaga","description":"Nature et arch\u00e9ologique \u00e0 Pabos Mills en Gasp\u00e9sie","publisher":{"@id":"https:\/\/espacenapaga.com\/en\/#organization"},"potentialAction":[{"@type":"SearchAction","target":{"@type":"EntryPoint","urlTemplate":"https:\/\/espacenapaga.com\/en\/?s={search_term_string}"},"query-input":{"@type":"PropertyValueSpecification","valueRequired":true,"valueName":"search_term_string"}}],"inLanguage":"en-US"},{"@type":"Organization","@id":"https:\/\/espacenapaga.com\/en\/#organization","name":"Espace Napaga","url":"https:\/\/espacenapaga.com\/en\/","logo":{"@type":"ImageObject","inLanguage":"en-US","@id":"https:\/\/espacenapaga.com\/en\/#\/schema\/logo\/image\/","url":"https:\/\/napaga.s3.bhs.io.cloud.ovh.net\/2025\/02\/napaga-logoprincipal-orange-2-2.png","contentUrl":"https:\/\/napaga.s3.bhs.io.cloud.ovh.net\/2025\/02\/napaga-logoprincipal-orange-2-2.png","width":150,"height":151,"caption":"Espace Napaga"},"image":{"@id":"https:\/\/espacenapaga.com\/en\/#\/schema\/logo\/image\/"},"sameAs":["https:\/\/www.facebook.com\/LeBourgDePabos","https:\/\/www.instagram.com\/bourgdepabos\/"]}]}},"_links":{"self":[{"href":"https:\/\/espacenapaga.com\/en\/wp-json\/wp\/v2\/pages\/1232","targetHints":{"allow":["GET"]}}],"collection":[{"href":"https:\/\/espacenapaga.com\/en\/wp-json\/wp\/v2\/pages"}],"about":[{"href":"https:\/\/espacenapaga.com\/en\/wp-json\/wp\/v2\/types\/page"}],"author":[{"embeddable":true,"href":"https:\/\/espacenapaga.com\/en\/wp-json\/wp\/v2\/users\/1"}],"replies":[{"embeddable":true,"href":"https:\/\/espacenapaga.com\/en\/wp-json\/wp\/v2\/comments?post=1232"}],"version-history":[{"count":4,"href":"https:\/\/espacenapaga.com\/en\/wp-json\/wp\/v2\/pages\/1232\/revisions"}],"predecessor-version":[{"id":2975,"href":"https:\/\/espacenapaga.com\/en\/wp-json\/wp\/v2\/pages\/1232\/revisions\/2975"}],"wp:attachment":[{"href":"https:\/\/espacenapaga.com\/en\/wp-json\/wp\/v2\/media?parent=1232"}],"curies":[{"name":"wp","href":"https:\/\/api.w.org\/{rel}","templated":true}]}}