{"id":1228,"date":"2025-04-01T09:13:01","date_gmt":"2025-04-01T13:13:01","guid":{"rendered":"https:\/\/espacenapaga.com\/?page_id=1228"},"modified":"2025-10-10T11:58:06","modified_gmt":"2025-10-10T15:58:06","slug":"physical-accessibility","status":"publish","type":"page","link":"https:\/\/espacenapaga.com\/en\/physical-accessibility\/","title":{"rendered":"Physical Accessibility"},"content":{"rendered":"<div class=\"htb htb-hero   default-margin-top  default-margin-bottom  htb-uid-1  \" style=\"background-image: url(https:\/\/napaga.s3.bhs.io.cloud.ovh.net\/2025\/02\/hero-1-scaled.jpg);\"  >\r\n\t<div class=\"container-xl\">\r\n\t\t<div class=\"row align-items-center justify-content-center\">\r\n\t\t\t<div class=\"col-12\">\r\n\t\t\t\t<div class=\"content-box text-center white\">\r\n\t\t\t\t\t<h1 class=\"orange\">Physical Accessibility <span class=\"white\"><\/span><\/h1>\t\t\t\t\t\t\t\t\t<\/div>\r\n\t\t\t<\/div>\r\n\t\t<\/div>\r\n\t<\/div>\r\n\r\n<\/div>\r\n\n\n<div class='htb htb-bootsrap-container '><div class=\"wp-bootstrap-blocks-container container-xl mb-0\">\n\t\n<div class=\"wp-bootstrap-blocks-row row\">\n\t\n\n<div class=\"col-12 col-md-8\">\n\t\t\t\n\n<h2 class=\"wp-block-heading\"><strong>Espace NAPAGA is a vibrant, engaged, and inclusive place.<\/strong><\/h2>\n\n\n\n<p>As a recognized museum institution, a leading tourist attraction in Gasp\u00e9sie, a heritage site of importance, and an active member of its community, we consider physical accessibility to be an essential component of our mission and make it a priority.<\/p>\n\n\n\n<p>Although certain constraints related to heritage classification, archaeological interest, and the site\u2019s natural configuration (terrain, vegetation, archaeological heritage) limit accessibility, our team strives to make it safe, welcoming, and accessible to as many people as possible.<\/p>\n\n\n\n<p><strong>Several areas are accessible to all:<\/strong><\/p>\n\n\n\n<ul class=\"wp-block-list\">\n<li>Main reception and ticket office<\/li>\n\n\n\n<li>Exhibition pavilion and bistro<\/li>\n\n\n\n<li>Camping reception<\/li>\n\n\n\n<li>Third beach entrance<\/li>\n\n\n\n<li>Showers and restrooms<\/li>\n<\/ul>\n\n\n\n<h3 class=\"wp-block-heading\">Trails and Outdoor Exhibitions<\/h3>\n\n\n\n<p>The <strong><span style=\"text-decoration: underline;\"><a href=\"https:\/\/espacenapaga.com\/en\/play\/\">forest trails<\/a><\/span><\/strong> are not fully adapted for strollers or wheelchairs. Outdoor temporary exhibitions follow a non-paved, partially levelled path of about 1\u00a0km. In addition, these circuits are only partially lit for evening visits.<\/p>\n\n\n\n<ul class=\"wp-block-list\">\n<li><strong><em><span style=\"text-decoration: underline;\"><a href=\"https:\/\/espacenapaga.com\/en\/archaeology\/exhibits\/augmented-reality-fantom-the-hunt\/\">Fant\u00f6m: The Hunt<\/a><\/span><\/em><\/strong>: this virtual reality experience requires the use of both hands to operate the detection goggles.<\/li>\n\n\n\n<li><strong><em><span style=\"text-decoration: underline;\"><a href=\"https:\/\/espacenapaga.com\/en\/archaeology\/exhibits\/ura-immersive-trail\/\">URA: A Celebration of Water<\/a><\/span><\/em><\/strong>: this immersive interpretation trail follows a seaside and forest route. One station is not accessible due to stairs, but a headset is available to view the experience at that location. All other stations are equipped with access ramps.<\/li>\n\n\n\n<li><strong><em><span style=\"text-decoration: underline;\"><a href=\"https:\/\/espacenapaga.com\/en\/archaeology\/exhibits\/conquest-escape-game\/\">The English at the Conquest!<\/a><\/span><\/em><\/strong>: this escape game takes place in a fisherman\u2019s cabin, with ground-level access except for a two-inch wooden threshold.<\/li>\n<\/ul>\n\n\n<div class=\"wp-block-image\">\n<figure class=\"alignright size-full is-resized\"><img decoding=\"async\" width=\"850\" height=\"850\" src=\"https:\/\/napaga.s3.bhs.io.cloud.ovh.net\/2025\/07\/fauteuil-hippocampe.png\" alt=\"\" class=\"wp-image-2081\" style=\"width:329px;height:auto\" srcset=\"https:\/\/napaga.s3.bhs.io.cloud.ovh.net\/2025\/07\/fauteuil-hippocampe.png 850w, https:\/\/napaga.s3.bhs.io.cloud.ovh.net\/2025\/07\/fauteuil-hippocampe-300x300.png 300w, https:\/\/napaga.s3.bhs.io.cloud.ovh.net\/2025\/07\/fauteuil-hippocampe-150x150.png 150w, https:\/\/napaga.s3.bhs.io.cloud.ovh.net\/2025\/07\/fauteuil-hippocampe-768x768.png 768w, https:\/\/napaga.s3.bhs.io.cloud.ovh.net\/2025\/07\/fauteuil-hippocampe-500x500.png 500w, https:\/\/napaga.s3.bhs.io.cloud.ovh.net\/2025\/07\/fauteuil-hippocampe-600x600.png 600w, https:\/\/napaga.s3.bhs.io.cloud.ovh.net\/2025\/07\/fauteuil-hippocampe-100x100.png 100w\" sizes=\"(max-width: 850px) 100vw, 850px\" \/><\/figure>\n<\/div>\n\n\n<h3 class=\"wp-block-heading\">Hippocampe Wheelchair Loan<\/h3>\n\n\n\n<p>To promote accessibility, Espace NAPAGA offers, free of charge and upon the reservation, a <em>Hippocampe<\/em> wheelchair. This all-terrain three-wheel model is designed for use on sand, making it easier to access the beach, some trails, and several exhibition areas.<\/p>\n\n\n\n<p>To reserve or for any questions, write to <a href=\"mailto:info@espacenapaga.com\">info@espacenapaga.com<\/a> or call +1&nbsp;418&nbsp;689-6043, ext.&nbsp;2.<\/p>\n\n\n\n<h3 class=\"wp-block-heading\">K\u00e9roul Recognition<\/h3>\n\n\n\n<p>We pay particular attention to welcoming people with reduced mobility. Although certain constraints related to heritage classification, archaeological interest, and the site\u2019s natural configuration (terrain, vegetation, archaeological heritage) limit accessibility, most criteria of accessible tourism are met.<\/p>\n\n\n\n<p>In recognition of these efforts, <strong>K\u00e9roul<\/strong> \u2014 the reference organization for accessible tourism in Qu\u00e9bec \u2014 has awarded Espace NAPAGA the<strong> <\/strong><em>\u201cpartially accessible\u201d<\/em><strong> <\/strong>rating.<\/p>\n\n\n\n<p>For more information, consult <a href=\"https:\/\/www.keroul.qc.ca\/en\/travel\/establishment\/5369-parc-du-bourg-de-pabos-centre-d-interpretation\"><strong><span style=\"text-decoration: underline;\">Espace NAPAGA&#8217;s accessibility profile on keroul.qc.ca<\/span><\/strong><\/a>.<\/p>\n\n\n\n<p><em>K\u00e9roul evaluates tourist establishments according to three levels of accessibility. These ratings clearly identify the degree of access for people with reduced mobility.<\/em><\/p>\n\n\n\n<p><br>Our team is available to answer your questions and help you prepare your visit, for a worry-free stay. Do not hesitate to <a href=\"https:\/\/espacenapaga.com\/en\/contact-us\/\"><strong><span style=\"text-decoration: underline;\">contact us<\/span><\/strong><\/a>.<\/p>\n\n\t<\/div>\n\n\n\n<div class=\"col-12 col-md-4\">\n\t\t\t\t<\/div>\n\n<\/div>\n\n<\/div>\n<\/div>","protected":false},"excerpt":{"rendered":"","protected":false},"author":1,"featured_media":0,"parent":0,"menu_order":0,"comment_status":"closed","ping_status":"closed","template":"","meta":{"_acf_changed":false,"footnotes":""},"class_list":["post-1228","page","type-page","status-publish","hentry"],"acf":[],"yoast_head":"<!-- This site is optimized with the Yoast SEO plugin v26.4 - https:\/\/yoast.com\/wordpress\/plugins\/seo\/ -->\n<title>Physical Accessibility - Espace NAPAGA<\/title>\n<meta name=\"robots\" content=\"index, follow, max-snippet:-1, max-image-preview:large, max-video-preview:-1\" \/>\n<link rel=\"canonical\" href=\"https:\/\/espacenapaga.com\/en\/physical-accessibility\/\" \/>\n<meta property=\"og:locale\" content=\"en_US\" \/>\n<meta property=\"og:type\" content=\"article\" \/>\n<meta property=\"og:title\" content=\"Physical Accessibility - Espace NAPAGA\" \/>\n<meta property=\"og:url\" content=\"https:\/\/espacenapaga.com\/en\/physical-accessibility\/\" \/>\n<meta property=\"og:site_name\" content=\"Espace NAPAGA\" \/>\n<meta property=\"article:publisher\" content=\"https:\/\/www.facebook.com\/LeBourgDePabos\" \/>\n<meta property=\"article:modified_time\" content=\"2025-10-10T15:58:06+00:00\" \/>\n<meta property=\"og:image\" content=\"https:\/\/napaga.s3.bhs.io.cloud.ovh.net\/2025\/07\/fauteuil-hippocampe.png\" \/>\n\t<meta property=\"og:image:width\" content=\"850\" \/>\n\t<meta property=\"og:image:height\" content=\"850\" \/>\n\t<meta property=\"og:image:type\" content=\"image\/png\" \/>\n<meta name=\"twitter:card\" content=\"summary_large_image\" \/>\n<meta name=\"twitter:label1\" content=\"Est. reading time\" \/>\n\t<meta name=\"twitter:data1\" content=\"3 minutes\" \/>\n<script type=\"application\/ld+json\" class=\"yoast-schema-graph\">{\"@context\":\"https:\/\/schema.org\",\"@graph\":[{\"@type\":\"WebPage\",\"@id\":\"https:\/\/espacenapaga.com\/en\/physical-accessibility\/\",\"url\":\"https:\/\/espacenapaga.com\/en\/physical-accessibility\/\",\"name\":\"Physical Accessibility - Espace NAPAGA\",\"isPartOf\":{\"@id\":\"https:\/\/espacenapaga.com\/en\/#website\"},\"primaryImageOfPage\":{\"@id\":\"https:\/\/espacenapaga.com\/en\/physical-accessibility\/#primaryimage\"},\"image\":{\"@id\":\"https:\/\/espacenapaga.com\/en\/physical-accessibility\/#primaryimage\"},\"thumbnailUrl\":\"https:\/\/napaga.s3.bhs.io.cloud.ovh.net\/2025\/07\/fauteuil-hippocampe.png\",\"datePublished\":\"2025-04-01T13:13:01+00:00\",\"dateModified\":\"2025-10-10T15:58:06+00:00\",\"breadcrumb\":{\"@id\":\"https:\/\/espacenapaga.com\/en\/physical-accessibility\/#breadcrumb\"},\"inLanguage\":\"en-US\",\"potentialAction\":[{\"@type\":\"ReadAction\",\"target\":[\"https:\/\/espacenapaga.com\/en\/physical-accessibility\/\"]}]},{\"@type\":\"ImageObject\",\"inLanguage\":\"en-US\",\"@id\":\"https:\/\/espacenapaga.com\/en\/physical-accessibility\/#primaryimage\",\"url\":\"https:\/\/napaga.s3.bhs.io.cloud.ovh.net\/2025\/07\/fauteuil-hippocampe.png\",\"contentUrl\":\"https:\/\/napaga.s3.bhs.io.cloud.ovh.net\/2025\/07\/fauteuil-hippocampe.png\"},{\"@type\":\"BreadcrumbList\",\"@id\":\"https:\/\/espacenapaga.com\/en\/physical-accessibility\/#breadcrumb\",\"itemListElement\":[{\"@type\":\"ListItem\",\"position\":1,\"name\":\"Home\",\"item\":\"https:\/\/espacenapaga.com\/en\/\"},{\"@type\":\"ListItem\",\"position\":2,\"name\":\"Physical Accessibility\"}]},{\"@type\":\"WebSite\",\"@id\":\"https:\/\/espacenapaga.com\/en\/#website\",\"url\":\"https:\/\/espacenapaga.com\/en\/\",\"name\":\"Espace Napaga\",\"description\":\"Nature et arch\u00e9ologique \u00e0 Pabos Mills en Gasp\u00e9sie\",\"publisher\":{\"@id\":\"https:\/\/espacenapaga.com\/en\/#organization\"},\"potentialAction\":[{\"@type\":\"SearchAction\",\"target\":{\"@type\":\"EntryPoint\",\"urlTemplate\":\"https:\/\/espacenapaga.com\/en\/?s={search_term_string}\"},\"query-input\":{\"@type\":\"PropertyValueSpecification\",\"valueRequired\":true,\"valueName\":\"search_term_string\"}}],\"inLanguage\":\"en-US\"},{\"@type\":\"Organization\",\"@id\":\"https:\/\/espacenapaga.com\/en\/#organization\",\"name\":\"Espace Napaga\",\"url\":\"https:\/\/espacenapaga.com\/en\/\",\"logo\":{\"@type\":\"ImageObject\",\"inLanguage\":\"en-US\",\"@id\":\"https:\/\/espacenapaga.com\/en\/#\/schema\/logo\/image\/\",\"url\":\"https:\/\/napaga.s3.bhs.io.cloud.ovh.net\/2025\/02\/napaga-logoprincipal-orange-2-2.png\",\"contentUrl\":\"https:\/\/napaga.s3.bhs.io.cloud.ovh.net\/2025\/02\/napaga-logoprincipal-orange-2-2.png\",\"width\":150,\"height\":151,\"caption\":\"Espace Napaga\"},\"image\":{\"@id\":\"https:\/\/espacenapaga.com\/en\/#\/schema\/logo\/image\/\"},\"sameAs\":[\"https:\/\/www.facebook.com\/LeBourgDePabos\",\"https:\/\/www.instagram.com\/bourgdepabos\/\"]}]}<\/script>\n<!-- \/ Yoast SEO plugin. -->","yoast_head_json":{"title":"Physical Accessibility - Espace NAPAGA","robots":{"index":"index","follow":"follow","max-snippet":"max-snippet:-1","max-image-preview":"max-image-preview:large","max-video-preview":"max-video-preview:-1"},"canonical":"https:\/\/espacenapaga.com\/en\/physical-accessibility\/","og_locale":"en_US","og_type":"article","og_title":"Physical Accessibility - Espace NAPAGA","og_url":"https:\/\/espacenapaga.com\/en\/physical-accessibility\/","og_site_name":"Espace NAPAGA","article_publisher":"https:\/\/www.facebook.com\/LeBourgDePabos","article_modified_time":"2025-10-10T15:58:06+00:00","og_image":[{"width":850,"height":850,"url":"https:\/\/napaga.s3.bhs.io.cloud.ovh.net\/2025\/07\/fauteuil-hippocampe.png","type":"image\/png"}],"twitter_card":"summary_large_image","twitter_misc":{"Est. reading time":"3 minutes"},"schema":{"@context":"https:\/\/schema.org","@graph":[{"@type":"WebPage","@id":"https:\/\/espacenapaga.com\/en\/physical-accessibility\/","url":"https:\/\/espacenapaga.com\/en\/physical-accessibility\/","name":"Physical Accessibility - Espace NAPAGA","isPartOf":{"@id":"https:\/\/espacenapaga.com\/en\/#website"},"primaryImageOfPage":{"@id":"https:\/\/espacenapaga.com\/en\/physical-accessibility\/#primaryimage"},"image":{"@id":"https:\/\/espacenapaga.com\/en\/physical-accessibility\/#primaryimage"},"thumbnailUrl":"https:\/\/napaga.s3.bhs.io.cloud.ovh.net\/2025\/07\/fauteuil-hippocampe.png","datePublished":"2025-04-01T13:13:01+00:00","dateModified":"2025-10-10T15:58:06+00:00","breadcrumb":{"@id":"https:\/\/espacenapaga.com\/en\/physical-accessibility\/#breadcrumb"},"inLanguage":"en-US","potentialAction":[{"@type":"ReadAction","target":["https:\/\/espacenapaga.com\/en\/physical-accessibility\/"]}]},{"@type":"ImageObject","inLanguage":"en-US","@id":"https:\/\/espacenapaga.com\/en\/physical-accessibility\/#primaryimage","url":"https:\/\/napaga.s3.bhs.io.cloud.ovh.net\/2025\/07\/fauteuil-hippocampe.png","contentUrl":"https:\/\/napaga.s3.bhs.io.cloud.ovh.net\/2025\/07\/fauteuil-hippocampe.png"},{"@type":"BreadcrumbList","@id":"https:\/\/espacenapaga.com\/en\/physical-accessibility\/#breadcrumb","itemListElement":[{"@type":"ListItem","position":1,"name":"Home","item":"https:\/\/espacenapaga.com\/en\/"},{"@type":"ListItem","position":2,"name":"Physical Accessibility"}]},{"@type":"WebSite","@id":"https:\/\/espacenapaga.com\/en\/#website","url":"https:\/\/espacenapaga.com\/en\/","name":"Espace Napaga","description":"Nature et arch\u00e9ologique \u00e0 Pabos Mills en Gasp\u00e9sie","publisher":{"@id":"https:\/\/espacenapaga.com\/en\/#organization"},"potentialAction":[{"@type":"SearchAction","target":{"@type":"EntryPoint","urlTemplate":"https:\/\/espacenapaga.com\/en\/?s={search_term_string}"},"query-input":{"@type":"PropertyValueSpecification","valueRequired":true,"valueName":"search_term_string"}}],"inLanguage":"en-US"},{"@type":"Organization","@id":"https:\/\/espacenapaga.com\/en\/#organization","name":"Espace Napaga","url":"https:\/\/espacenapaga.com\/en\/","logo":{"@type":"ImageObject","inLanguage":"en-US","@id":"https:\/\/espacenapaga.com\/en\/#\/schema\/logo\/image\/","url":"https:\/\/napaga.s3.bhs.io.cloud.ovh.net\/2025\/02\/napaga-logoprincipal-orange-2-2.png","contentUrl":"https:\/\/napaga.s3.bhs.io.cloud.ovh.net\/2025\/02\/napaga-logoprincipal-orange-2-2.png","width":150,"height":151,"caption":"Espace Napaga"},"image":{"@id":"https:\/\/espacenapaga.com\/en\/#\/schema\/logo\/image\/"},"sameAs":["https:\/\/www.facebook.com\/LeBourgDePabos","https:\/\/www.instagram.com\/bourgdepabos\/"]}]}},"_links":{"self":[{"href":"https:\/\/espacenapaga.com\/en\/wp-json\/wp\/v2\/pages\/1228","targetHints":{"allow":["GET"]}}],"collection":[{"href":"https:\/\/espacenapaga.com\/en\/wp-json\/wp\/v2\/pages"}],"about":[{"href":"https:\/\/espacenapaga.com\/en\/wp-json\/wp\/v2\/types\/page"}],"author":[{"embeddable":true,"href":"https:\/\/espacenapaga.com\/en\/wp-json\/wp\/v2\/users\/1"}],"replies":[{"embeddable":true,"href":"https:\/\/espacenapaga.com\/en\/wp-json\/wp\/v2\/comments?post=1228"}],"version-history":[{"count":4,"href":"https:\/\/espacenapaga.com\/en\/wp-json\/wp\/v2\/pages\/1228\/revisions"}],"predecessor-version":[{"id":2980,"href":"https:\/\/espacenapaga.com\/en\/wp-json\/wp\/v2\/pages\/1228\/revisions\/2980"}],"wp:attachment":[{"href":"https:\/\/espacenapaga.com\/en\/wp-json\/wp\/v2\/media?parent=1228"}],"curies":[{"name":"wp","href":"https:\/\/api.w.org\/{rel}","templated":true}]}}