{"id":1209,"date":"2025-03-10T14:25:34","date_gmt":"2025-03-10T18:25:34","guid":{"rendered":"https:\/\/espacenapaga.com\/?page_id=1209"},"modified":"2025-07-29T10:55:14","modified_gmt":"2025-07-29T14:55:14","slug":"restaurant","status":"publish","type":"page","link":"https:\/\/espacenapaga.com\/en\/extra\/restaurant\/","title":{"rendered":"Restaurant"},"content":{"rendered":"<div class=\"htb htb-hero   default-margin-top  default-margin-bottom  htb-uid-1  \" style=\"background-image: url(https:\/\/napaga.s3.bhs.io.cloud.ovh.net\/2025\/02\/hero-1-scaled.jpg);\"  >\r\n\t<div class=\"container-xl\">\r\n\t\t<div class=\"row align-items-center justify-content-center\">\r\n\t\t\t<div class=\"col-12\">\r\n\t\t\t\t<div class=\"content-box text-center white\">\r\n\t\t\t\t\t<h1 class=\"orange\">Bistro <span class=\"white\"><br>NAPAGA\n<\/span><\/h1>\t\t\t\t\t\t\t\t\t<\/div>\r\n\t\t\t<\/div>\r\n\t\t<\/div>\r\n\t<\/div>\r\n\r\n<\/div>\r\n\n\n<div class=\"htb htb-texte-image    default-margin-top  default-margin-bottom  htb-uid-2  pic_right\" >\r\n\t<div class=\"container-xl\">\r\n\t\t<div class=\"row align-items-center\">\r\n\t\t\t<div class=\"col-lg-6 col-image order-2 \">\r\n\t\t\t\t\t\t\t\t\t<div class=\"img-box\">\r\n\t\t\t\t\t\t<div class=\"bg-deco-box deco_orange_2\">\r\n\t\t\t\t\t\t\t<div class=\"img-1-box-v1\">\r\n\t\t\t\t\t\t\t\t<img decoding=\"async\" src=\"https:\/\/napaga.s3.bhs.io.cloud.ovh.net\/2025\/03\/img-20190722-202639-1.jpg\" alt=\"\" class=\"img-fluid \">\r\n\t\t\t\t\t\t\t<\/div>\r\n\t\t\t\t\t\t<\/div>\r\n\t\t\t\t\t<\/div>\r\n\t\t\t\t\t\t\t\t\t\t\t<\/div>\r\n\t\t\t<div class=\"col-text  col-lg-6\">\r\n\t\t\t\t<div class=\"content-box\">\r\n\t\t\t\t\t<h2 class=\"title\">A typical Gasp\u00e9 snack bar<\/h2>\t\t\t\t\t<p>Discover a friendly, simple, and tasty brasserie-style menu. Prepared with local ingredients, our dishes are as hearty as they are delicious. Even the most discerning palates, young and old, will be delighted! Accompany your meal with a refreshing drink or a beer from a local microbrewery.<\/p>\n<p>Take a seat on our splendid terrace, the perfect spot for admiring the sunset. During high season, the bistro comes alive with <a href=\"https:\/\/espacenapaga.com\/en\/activity-calendar\/\"><span style=\"text-decoration: underline;\">summer cultural programming<\/span><\/a>. The perfect way to end a perfect day!<\/p>\n\t\t\t\t\t<div class=\"bts-box\"><\/div>\r\n\t\t\t\t<\/div>\r\n\t\t\t<\/div>\r\n\t\t<\/div>\r\n\t<\/div>\r\n<\/div>\r\n\n\n<div class='htb htb-bootsrap-container '><div class=\"wp-bootstrap-blocks-container container-xl mb-0\">\n\t\n<div class=\"wp-bootstrap-blocks-row row\">\n\t\n\n<div class=\"col-12 col-xl-2\">\n\t\t\t\t<\/div>\n\n\n\n<div class=\"col-12 col-xl-8\">\n\t\t\t\n\n<h2 class=\"wp-block-heading has-text-align-center\">Explore our menu<\/h2>\n\n\n\n<p>\ud83d\udccd Product of Gasp\u00e9sie<\/p>\n\n\n\n<p>\u269c\ufe0f Product of Qu\u00e9bec<\/p>\n\n\n\n<p><em>Prices are available at the bistro.<\/em><\/p>\n\n\n<div class=\"htb htb-accordeon-henri   default-margin-top  default-margin-bottom  htb-uid-5 \" >\r\n\t\t<div class=\"accordion\" id=\"accordion_henri_3\">\r\n\t\t\n<div class=\"htb htb-accordeon-henri-item   default-margin-top  default-margin-bottom  htb-uid-3  accordion-item\" >\r\n\t<h3 class=\"accordion-header\" id=\"accordeon_heading_3\">\r\n\t\t<button class=\"accordion-button \" type=\"button\" data-bs-toggle=\"collapse\" data-bs-target=\"#henri_collapse_0\" aria-expanded=\"true\" aria-controls=\"henri_collapse_3\">\r\n\t\t\tFood\t\t<\/button>\r\n\t<\/h3>\r\n\t<div id=\"henri_collapse_0\" class=\"accordion-collapse collapse show\" aria-labelledby=\"accordeon_heading_3\" data-bs-parent=\"#accordion_henri_3\">\r\n\t\t<div class=\"accordion-body\">\r\n\t\t\t\n\n<p><strong>MAINS<\/strong> (served with fries)<\/p>\n\n\n\n<ul class=\"wp-block-list\">\n<li>Fish &amp; chips with Pit Caribou beer batter \ud83d\udccd<\/li>\n\n\n\n<li>1\/4 chicken, breast or leg<\/li>\n\n\n\n<li>Crispy chicken fillets, 3 or 5 pieces<\/li>\n\n\n\n<li>Pilgrim&#8217;s basket: breaded scallops, shrimp and cod balls, with chicken wings, French onion and cheese sticks<\/li>\n<\/ul>\n\n\n\n<p><strong>FRIES AND POUTINES<\/strong><\/p>\n\n\n\n<ul class=\"wp-block-list\">\n<li>French fries, small and large<\/li>\n\n\n\n<li>Fries with BBQ sauce, small and large<\/li>\n\n\n\n<li>Poutine BBQ, small and large<\/li>\n<\/ul>\n\n\n\n<p><strong>SIDES OR SNACKS<\/strong><\/p>\n\n\n\n<ul class=\"wp-block-list\">\n<li>Nachos<\/li>\n\n\n\n<li>Onion rings<\/li>\n\n\n\n<li>Chicken wings, 6 or 12 wings<\/li>\n<\/ul>\n\n\n\n<p><strong>KIDS&#8217; PLATES<\/strong> (served with fries, juice and frozen yogurt)<\/p>\n\n\n\n<ul class=\"wp-block-list\">\n<li>Mini pogos (2)<\/li>\n\n\n\n<li>Crispy chicken fillets (2)<\/li>\n<\/ul>\n\n\r\n\t\t<\/div>\r\n\t<\/div>\r\n<\/div>\r\n\n\n<div class=\"htb htb-accordeon-henri-item   default-margin-top  default-margin-bottom  htb-uid-4  accordion-item\" >\r\n\t<h3 class=\"accordion-header\" id=\"accordeon_heading_4\">\r\n\t\t<button class=\"accordion-button collapsed\" type=\"button\" data-bs-toggle=\"collapse\" data-bs-target=\"#henri_collapse_1\" aria-expanded=\"true\" aria-controls=\"henri_collapse_4\">\r\n\t\t\tDrinks\t\t<\/button>\r\n\t<\/h3>\r\n\t<div id=\"henri_collapse_1\" class=\"accordion-collapse collapse \" aria-labelledby=\"accordeon_heading_4\" data-bs-parent=\"#accordion_henri_3\">\r\n\t\t<div class=\"accordion-body\">\r\n\t\t\t\n\n<p><strong>LOCAL BEERS<\/strong><\/p>\n\n\n\n<ul class=\"wp-block-list\">\n<li>Pit Caribou \ud83d\udccd<\/li>\n\n\n\n<li>Pit Paradise Point \ud83d\udccd<\/li>\n\n\n\n<li>Pit Lollipop \ud83d\udccd<\/li>\n\n\n\n<li>Pit alcool free \ud83d\udccd<\/li>\n\n\n\n<li>Frub alcool free \ud83d\udccd<\/li>\n<\/ul>\n\n\n\n<p><strong>WINE TO-GO AND COOLERS<\/strong><\/p>\n\n\n\n<ul class=\"wp-block-list\">\n<li>C\u00f4tes du Rh\u00f4ne (red)<\/li>\n\n\n\n<li>Sauvignon (white)<\/li>\n\n\n\n<li>Sparkling wine<\/li>\n\n\n\n<li>Seventh Heaven gin cooler \u269c\ufe0f<\/li>\n\n\n\n<li>Shaker Mixologie cooler \u269c\ufe0f<\/li>\n<\/ul>\n\n\n\n<p><strong>COLD AND HOT BEVERAGES<\/strong><\/p>\n\n\n\n<ul class=\"wp-block-list\">\n<li>Soft drink<\/li>\n\n\n\n<li>Gatorade<\/li>\n\n\n\n<li>Small juices<\/li>\n\n\n\n<li>Water bottle<\/li>\n\n\n\n<li>Keurig coffee<\/li>\n<\/ul>\n\n\r\n\t\t<\/div>\r\n\t<\/div>\r\n<\/div>\r\n\n\r\n\t<\/div>\r\n<\/div>\r\n\n\n\n\n\n\t<\/div>\n\n\n\n<div class=\"col-12 col-xl-2\">\n\t\t\t\t<\/div>\n\n<\/div>\n\n<\/div>\n<\/div>\n\n<div class=\"htb htb-image-pleine-largeur   default-margin-top  default-margin-bottom  htb-uid-6  \" >\r\n\t<div class=\"parallax-img-container\"><img decoding=\"async\" src=\"https:\/\/napaga.s3.bhs.io.cloud.ovh.net\/2025\/02\/chok8884-web-1.jpg\" class=\"parallax-img\"><\/div>\r\n\t<\/div>","protected":false},"excerpt":{"rendered":"","protected":false},"author":1,"featured_media":0,"parent":1205,"menu_order":0,"comment_status":"closed","ping_status":"closed","template":"","meta":{"_acf_changed":false,"footnotes":""},"class_list":["post-1209","page","type-page","status-publish","hentry"],"acf":[],"yoast_head":"<!-- This site is optimized with the Yoast SEO plugin v26.4 - https:\/\/yoast.com\/wordpress\/plugins\/seo\/ -->\n<title>Restaurant - Espace NAPAGA<\/title>\n<meta name=\"description\" content=\"Bistro NAPAGA is a typical Gaspesian snack bar. Enjoy local food and beverages. Kid&#039;s menu available. Eat in - with a view! - or takeout.\" \/>\n<meta name=\"robots\" content=\"index, follow, max-snippet:-1, max-image-preview:large, max-video-preview:-1\" \/>\n<link rel=\"canonical\" href=\"https:\/\/espacenapaga.com\/en\/extra\/restaurant\/\" \/>\n<meta property=\"og:locale\" content=\"en_US\" \/>\n<meta property=\"og:type\" content=\"article\" \/>\n<meta property=\"og:title\" content=\"Restaurant - Espace NAPAGA\" \/>\n<meta property=\"og:description\" content=\"Bistro NAPAGA is a typical Gaspesian snack bar. Enjoy local food and beverages. Kid&#039;s menu available. Eat in - with a view! - or takeout.\" \/>\n<meta property=\"og:url\" content=\"https:\/\/espacenapaga.com\/en\/extra\/restaurant\/\" \/>\n<meta property=\"og:site_name\" content=\"Espace NAPAGA\" \/>\n<meta property=\"article:publisher\" content=\"https:\/\/www.facebook.com\/LeBourgDePabos\" \/>\n<meta property=\"article:modified_time\" content=\"2025-07-29T14:55:14+00:00\" \/>\n<meta property=\"og:image\" content=\"https:\/\/napaga.s3.bhs.io.cloud.ovh.net\/2025\/04\/napaga-social-1.jpg\" \/>\n\t<meta property=\"og:image:width\" content=\"1200\" \/>\n\t<meta property=\"og:image:height\" content=\"630\" \/>\n\t<meta property=\"og:image:type\" content=\"image\/jpeg\" \/>\n<meta name=\"twitter:card\" content=\"summary_large_image\" \/>\n<meta name=\"twitter:label1\" content=\"Est. reading time\" \/>\n\t<meta name=\"twitter:data1\" content=\"1 minute\" \/>\n<script type=\"application\/ld+json\" class=\"yoast-schema-graph\">{\"@context\":\"https:\/\/schema.org\",\"@graph\":[{\"@type\":\"WebPage\",\"@id\":\"https:\/\/espacenapaga.com\/en\/extra\/restaurant\/\",\"url\":\"https:\/\/espacenapaga.com\/en\/extra\/restaurant\/\",\"name\":\"Restaurant - Espace NAPAGA\",\"isPartOf\":{\"@id\":\"https:\/\/espacenapaga.com\/en\/#website\"},\"datePublished\":\"2025-03-10T18:25:34+00:00\",\"dateModified\":\"2025-07-29T14:55:14+00:00\",\"description\":\"Bistro NAPAGA is a typical Gaspesian snack bar. Enjoy local food and beverages. Kid's menu available. Eat in - with a view! - or takeout.\",\"breadcrumb\":{\"@id\":\"https:\/\/espacenapaga.com\/en\/extra\/restaurant\/#breadcrumb\"},\"inLanguage\":\"en-US\",\"potentialAction\":[{\"@type\":\"ReadAction\",\"target\":[\"https:\/\/espacenapaga.com\/en\/extra\/restaurant\/\"]}]},{\"@type\":\"BreadcrumbList\",\"@id\":\"https:\/\/espacenapaga.com\/en\/extra\/restaurant\/#breadcrumb\",\"itemListElement\":[{\"@type\":\"ListItem\",\"position\":1,\"name\":\"Home\",\"item\":\"https:\/\/espacenapaga.com\/en\/\"},{\"@type\":\"ListItem\",\"position\":2,\"name\":\"Extra\",\"item\":\"https:\/\/espacenapaga.com\/en\/extra\/\"},{\"@type\":\"ListItem\",\"position\":3,\"name\":\"Restaurant\"}]},{\"@type\":\"WebSite\",\"@id\":\"https:\/\/espacenapaga.com\/en\/#website\",\"url\":\"https:\/\/espacenapaga.com\/en\/\",\"name\":\"Espace Napaga\",\"description\":\"Nature et arch\u00e9ologique \u00e0 Pabos Mills en Gasp\u00e9sie\",\"publisher\":{\"@id\":\"https:\/\/espacenapaga.com\/en\/#organization\"},\"potentialAction\":[{\"@type\":\"SearchAction\",\"target\":{\"@type\":\"EntryPoint\",\"urlTemplate\":\"https:\/\/espacenapaga.com\/en\/?s={search_term_string}\"},\"query-input\":{\"@type\":\"PropertyValueSpecification\",\"valueRequired\":true,\"valueName\":\"search_term_string\"}}],\"inLanguage\":\"en-US\"},{\"@type\":\"Organization\",\"@id\":\"https:\/\/espacenapaga.com\/en\/#organization\",\"name\":\"Espace Napaga\",\"url\":\"https:\/\/espacenapaga.com\/en\/\",\"logo\":{\"@type\":\"ImageObject\",\"inLanguage\":\"en-US\",\"@id\":\"https:\/\/espacenapaga.com\/en\/#\/schema\/logo\/image\/\",\"url\":\"https:\/\/napaga.s3.bhs.io.cloud.ovh.net\/2025\/02\/napaga-logoprincipal-orange-2-2.png\",\"contentUrl\":\"https:\/\/napaga.s3.bhs.io.cloud.ovh.net\/2025\/02\/napaga-logoprincipal-orange-2-2.png\",\"width\":150,\"height\":151,\"caption\":\"Espace Napaga\"},\"image\":{\"@id\":\"https:\/\/espacenapaga.com\/en\/#\/schema\/logo\/image\/\"},\"sameAs\":[\"https:\/\/www.facebook.com\/LeBourgDePabos\",\"https:\/\/www.instagram.com\/bourgdepabos\/\"]}]}<\/script>\n<!-- \/ Yoast SEO plugin. -->","yoast_head_json":{"title":"Restaurant - Espace NAPAGA","description":"Bistro NAPAGA is a typical Gaspesian snack bar. Enjoy local food and beverages. Kid's menu available. Eat in - with a view! - or takeout.","robots":{"index":"index","follow":"follow","max-snippet":"max-snippet:-1","max-image-preview":"max-image-preview:large","max-video-preview":"max-video-preview:-1"},"canonical":"https:\/\/espacenapaga.com\/en\/extra\/restaurant\/","og_locale":"en_US","og_type":"article","og_title":"Restaurant - Espace NAPAGA","og_description":"Bistro NAPAGA is a typical Gaspesian snack bar. Enjoy local food and beverages. Kid's menu available. Eat in - with a view! - or takeout.","og_url":"https:\/\/espacenapaga.com\/en\/extra\/restaurant\/","og_site_name":"Espace NAPAGA","article_publisher":"https:\/\/www.facebook.com\/LeBourgDePabos","article_modified_time":"2025-07-29T14:55:14+00:00","og_image":[{"width":1200,"height":630,"url":"https:\/\/napaga.s3.bhs.io.cloud.ovh.net\/2025\/04\/napaga-social-1.jpg","type":"image\/jpeg"}],"twitter_card":"summary_large_image","twitter_misc":{"Est. reading time":"1 minute"},"schema":{"@context":"https:\/\/schema.org","@graph":[{"@type":"WebPage","@id":"https:\/\/espacenapaga.com\/en\/extra\/restaurant\/","url":"https:\/\/espacenapaga.com\/en\/extra\/restaurant\/","name":"Restaurant - Espace NAPAGA","isPartOf":{"@id":"https:\/\/espacenapaga.com\/en\/#website"},"datePublished":"2025-03-10T18:25:34+00:00","dateModified":"2025-07-29T14:55:14+00:00","description":"Bistro NAPAGA is a typical Gaspesian snack bar. Enjoy local food and beverages. Kid's menu available. Eat in - with a view! - or takeout.","breadcrumb":{"@id":"https:\/\/espacenapaga.com\/en\/extra\/restaurant\/#breadcrumb"},"inLanguage":"en-US","potentialAction":[{"@type":"ReadAction","target":["https:\/\/espacenapaga.com\/en\/extra\/restaurant\/"]}]},{"@type":"BreadcrumbList","@id":"https:\/\/espacenapaga.com\/en\/extra\/restaurant\/#breadcrumb","itemListElement":[{"@type":"ListItem","position":1,"name":"Home","item":"https:\/\/espacenapaga.com\/en\/"},{"@type":"ListItem","position":2,"name":"Extra","item":"https:\/\/espacenapaga.com\/en\/extra\/"},{"@type":"ListItem","position":3,"name":"Restaurant"}]},{"@type":"WebSite","@id":"https:\/\/espacenapaga.com\/en\/#website","url":"https:\/\/espacenapaga.com\/en\/","name":"Espace Napaga","description":"Nature et arch\u00e9ologique \u00e0 Pabos Mills en Gasp\u00e9sie","publisher":{"@id":"https:\/\/espacenapaga.com\/en\/#organization"},"potentialAction":[{"@type":"SearchAction","target":{"@type":"EntryPoint","urlTemplate":"https:\/\/espacenapaga.com\/en\/?s={search_term_string}"},"query-input":{"@type":"PropertyValueSpecification","valueRequired":true,"valueName":"search_term_string"}}],"inLanguage":"en-US"},{"@type":"Organization","@id":"https:\/\/espacenapaga.com\/en\/#organization","name":"Espace Napaga","url":"https:\/\/espacenapaga.com\/en\/","logo":{"@type":"ImageObject","inLanguage":"en-US","@id":"https:\/\/espacenapaga.com\/en\/#\/schema\/logo\/image\/","url":"https:\/\/napaga.s3.bhs.io.cloud.ovh.net\/2025\/02\/napaga-logoprincipal-orange-2-2.png","contentUrl":"https:\/\/napaga.s3.bhs.io.cloud.ovh.net\/2025\/02\/napaga-logoprincipal-orange-2-2.png","width":150,"height":151,"caption":"Espace Napaga"},"image":{"@id":"https:\/\/espacenapaga.com\/en\/#\/schema\/logo\/image\/"},"sameAs":["https:\/\/www.facebook.com\/LeBourgDePabos","https:\/\/www.instagram.com\/bourgdepabos\/"]}]}},"_links":{"self":[{"href":"https:\/\/espacenapaga.com\/en\/wp-json\/wp\/v2\/pages\/1209","targetHints":{"allow":["GET"]}}],"collection":[{"href":"https:\/\/espacenapaga.com\/en\/wp-json\/wp\/v2\/pages"}],"about":[{"href":"https:\/\/espacenapaga.com\/en\/wp-json\/wp\/v2\/types\/page"}],"author":[{"embeddable":true,"href":"https:\/\/espacenapaga.com\/en\/wp-json\/wp\/v2\/users\/1"}],"replies":[{"embeddable":true,"href":"https:\/\/espacenapaga.com\/en\/wp-json\/wp\/v2\/comments?post=1209"}],"version-history":[{"count":12,"href":"https:\/\/espacenapaga.com\/en\/wp-json\/wp\/v2\/pages\/1209\/revisions"}],"predecessor-version":[{"id":2276,"href":"https:\/\/espacenapaga.com\/en\/wp-json\/wp\/v2\/pages\/1209\/revisions\/2276"}],"up":[{"embeddable":true,"href":"https:\/\/espacenapaga.com\/en\/wp-json\/wp\/v2\/pages\/1205"}],"wp:attachment":[{"href":"https:\/\/espacenapaga.com\/en\/wp-json\/wp\/v2\/media?parent=1209"}],"curies":[{"name":"wp","href":"https:\/\/api.w.org\/{rel}","templated":true}]}}