{"id":1205,"date":"2025-02-26T15:42:54","date_gmt":"2025-02-26T20:42:54","guid":{"rendered":"https:\/\/espacenapaga.com\/?page_id=1205"},"modified":"2025-04-30T11:53:18","modified_gmt":"2025-04-30T15:53:18","slug":"extra","status":"publish","type":"page","link":"https:\/\/espacenapaga.com\/en\/extra\/","title":{"rendered":"Extra"},"content":{"rendered":"<div class=\"htb htb-hero   default-margin-top  default-margin-bottom  htb-uid-1  \" style=\"background-image: url(https:\/\/napaga.s3.bhs.io.cloud.ovh.net\/2025\/02\/hero-1-scaled.jpg);\"  >\r\n\t<div class=\"container-xl\">\r\n\t\t<div class=\"row align-items-center justify-content-center\">\r\n\t\t\t<div class=\"col-12\">\r\n\t\t\t\t<div class=\"content-box text-center white\">\r\n\t\t\t\t\t<h1 class=\"orange\">Extraordinary  <span class=\"white\"><br>extras\n<\/span><\/h1>\t\t\t\t\t\t\t\t\t<\/div>\r\n\t\t\t<\/div>\r\n\t\t<\/div>\r\n\t<\/div>\r\n\r\n<\/div>\r\n\n\n<div class='htb htb-bootsrap-container bg-color color-beige'><div class=\"wp-bootstrap-blocks-container container-xl mb-0\">\n\t\n<div class=\"wp-bootstrap-blocks-row row\">\n\t\n\n<div class=\"col-12 col-xl-2\">\n\t\t\t\t<\/div>\n\n\n\n<div class=\"col-12 col-xl-8\">\n\t\t\t\n\n<p class=\"has-text-align-center has-x-large-font-size\">Just 60 kilometres from Perc\u00e9 and 80 kilometres from Bonaventure, <strong>Espace NAPAGA<\/strong> is a must-see destination for taking a break and exploring the Gasp\u00e9 Peninsula.<\/p>\n\n\t<\/div>\n\n<\/div>\n\n<\/div>\n<\/div>\n\n<div class=\"htb htb-texte-image    default-margin-top  default-margin-bottom  htb-uid-2  pic_right\" >\r\n\t<div class=\"container-xl\">\r\n\t\t<div class=\"row align-items-center\">\r\n\t\t\t<div class=\"col-lg-6 col-image order-2 \">\r\n\t\t\t\t\t\t\t\t\t<div class=\"img-box\">\r\n\t\t\t\t\t\t<div class=\"bg-deco-box deco_orange_2\">\r\n\t\t\t\t\t\t\t<div class=\"img-1-box-v1\">\r\n\t\t\t\t\t\t\t\t<img decoding=\"async\" src=\"https:\/\/napaga.s3.bhs.io.cloud.ovh.net\/2025\/02\/photo-6553748-dji-148-jpg-4192161-0-202181510550-photo-original.jpg\" alt=\"\" class=\"img-fluid \">\r\n\t\t\t\t\t\t\t<\/div>\r\n\t\t\t\t\t\t<\/div>\r\n\t\t\t\t\t<\/div>\r\n\t\t\t\t\t\t\t\t\t\t\t<\/div>\r\n\t\t\t<div class=\"col-text  col-lg-6\">\r\n\t\t\t\t<div class=\"content-box\">\r\n\t\t\t\t\t<h2 class=\"title\">NAPAGA Campground<\/h2>\t\t\t\t\t<p>Stay right on the archaeological site of Pabos \u2013 where our ancestors, just like us, chose to settle.<\/p>\n<p>Formerly known as Camping du Bourg de Pabos, the <strong>NAPAGA Campground<\/strong> is rated 4 stars by Camping Qu\u00e9bec for the quality of its facilities and its prime location. Located by the sea, at the mouth of two rivers, our campground has everything to charm you: fine sandy beaches and sunsets are the order of the day!<\/p>\n<p>Set back from the road, the peaceful setting offers a variety of activities to entertain young and old alike. The cleanliness of the facilities is sure to delight the whole family.<\/p>\n\t\t\t\t\t<div class=\"bts-box\">\t<a class=\"btn btn-primary\" href=\"https:\/\/espacenapaga.com\/en\/extra\/campground\/\" target=\"\" title=\"Campground\"  >Discover the campground<\/a>\r\n<\/div>\r\n\t\t\t\t<\/div>\r\n\t\t\t<\/div>\r\n\t\t<\/div>\r\n\t<\/div>\r\n<\/div>\r\n\n\n<div class=\"htb htb-texte-image    default-margin-top  default-margin-bottom  bg-color color-orange  htb-uid-3  pic_left\" >\r\n\t<div class=\"container-xl\">\r\n\t\t<div class=\"row align-items-center\">\r\n\t\t\t<div class=\"col-lg-6 col-image  order-2 order-lg-1\">\r\n\t\t\t\t\t\t\t\t\t<div class=\"img-box\">\r\n\t\t\t\t\t\t<div class=\"bg-deco-box deco_vert_fonce_1\">\r\n\t\t\t\t\t\t\t<div class=\"img-1-box-v1\">\r\n\t\t\t\t\t\t\t\t<img decoding=\"async\" src=\"https:\/\/napaga.s3.bhs.io.cloud.ovh.net\/2025\/02\/img-20190722-202639.jpg\" alt=\"\" class=\"img-fluid \">\r\n\t\t\t\t\t\t\t<\/div>\r\n\t\t\t\t\t\t<\/div>\r\n\t\t\t\t\t<\/div>\r\n\t\t\t\t\t\t\t\t\t\t\t<\/div>\r\n\t\t\t<div class=\"col-text col-lg-6 order-1 order-lg-2 \">\r\n\t\t\t\t<div class=\"content-box\">\r\n\t\t\t\t\t<h2 class=\"title\">Bistro NAPAGA<\/h2>\t\t\t\t\t<p>This local food counter is a real treat for the taste buds! Available as a takeaway.<\/p>\n\t\t\t\t\t<div class=\"bts-box\">\t<a class=\"btn btn-primary\" href=\"https:\/\/espacenapaga.com\/en\/extra\/restaurant\/\" target=\"\" title=\"Restaurant\"  >Discover the Restaurant<\/a>\r\n<\/div>\r\n\t\t\t\t<\/div>\r\n\t\t\t<\/div>\r\n\t\t<\/div>\r\n\t<\/div>\r\n<\/div>\r\n\n\n<div class=\"htb htb-texte-image    default-margin-top  default-margin-bottom  htb-uid-4  pic_right\" >\r\n\t<div class=\"container-xl\">\r\n\t\t<div class=\"row align-items-center\">\r\n\t\t\t<div class=\"col-lg-6 col-image order-2 \">\r\n\t\t\t\t\t\t\t\t\t<div class=\"img-box\">\r\n\t\t\t\t\t\t<div class=\"bg-deco-box deco_orange_2\">\r\n\t\t\t\t\t\t\t<div class=\"img-1-box-v1\">\r\n\t\t\t\t\t\t\t\t<img decoding=\"async\" src=\"https:\/\/napaga.s3.bhs.io.cloud.ovh.net\/2025\/03\/photosbourg2024full-83-of-105.jpg\" alt=\"\" class=\"img-fluid \">\r\n\t\t\t\t\t\t\t<\/div>\r\n\t\t\t\t\t\t<\/div>\r\n\t\t\t\t\t<\/div>\r\n\t\t\t\t\t\t\t\t\t\t\t<\/div>\r\n\t\t\t<div class=\"col-text  col-lg-6\">\r\n\t\t\t\t<div class=\"content-box\">\r\n\t\t\t\t\t<h2 class=\"title\">Cultural programming<\/h2>\t\t\t\t\t<p>Summer is for having fun! Our summer cultural programming is the perfect complement to a day of exploration and discovery.<\/p>\n<p>In July and August, on Friday evenings and Saturday afternoons, head to the interpretive centre or Bistro La Grave to enjoy free cultural events!<\/p>\n<p>Committed to local life, <strong>Espace NAPAGA<\/strong> promotes access to culture while pursuing its museum mission.<\/p>\n\t\t\t\t\t<div class=\"bts-box\">\t<a class=\"btn btn-primary\" href=\"https:\/\/espacenapaga.com\/en\/activity-calendar\/\" target=\"\" title=\"Activity Calendar\"  >Discover our cultural programming<\/a>\r\n<\/div>\r\n\t\t\t\t<\/div>\r\n\t\t\t<\/div>\r\n\t\t<\/div>\r\n\t<\/div>\r\n<\/div>\r\n\n\n<div class=\"htb htb-texte-image    default-margin-top  default-margin-bottom  bg-color color-beige  htb-uid-5  pic_left\" >\r\n\t<div class=\"container-xl\">\r\n\t\t<div class=\"row align-items-center\">\r\n\t\t\t<div class=\"col-lg-6 col-image  order-2 order-lg-1\">\r\n\t\t\t\t\t\t\t\t\t<div class=\"img-box\">\r\n\t\t\t\t\t\t<div class=\"bg-deco-box deco_vert_fonce_1\">\r\n\t\t\t\t\t\t\t<div class=\"img-1-box-v1\">\r\n\t\t\t\t\t\t\t\t<img decoding=\"async\" src=\"https:\/\/napaga.s3.bhs.io.cloud.ovh.net\/2025\/03\/boutique.jpg\" alt=\"\" class=\"img-fluid \">\r\n\t\t\t\t\t\t\t<\/div>\r\n\t\t\t\t\t\t<\/div>\r\n\t\t\t\t\t<\/div>\r\n\t\t\t\t\t\t\t\t\t\t\t<\/div>\r\n\t\t\t<div class=\"col-text col-lg-6 order-1 order-lg-2 \">\r\n\t\t\t\t<div class=\"content-box\">\r\n\t\t\t\t\t<h2 class=\"title\">Gift Shop<\/h2>\t\t\t\t\t<p>A charming gift shop offers souvenirs of <strong>Espace NAPAGA<\/strong> and the Gasp\u00e9 Peninsula, as well as practical and functional items, not to mention local products made and prepared with care by Gasp\u00e9 merchants: terroir and crafts.<\/p>\n<p>Stop by for a precious souvenir or gift!<\/p>\n\t\t\t\t\t<div class=\"bts-box\"><\/div>\r\n\t\t\t\t<\/div>\r\n\t\t\t<\/div>\r\n\t\t<\/div>\r\n\t<\/div>\r\n<\/div>\r\n\n\n<div class=\"htb htb-texte-image    default-margin-top  default-margin-bottom  bg-color color-white  htb-uid-6  pic_right\" >\r\n\t<div class=\"container-xl\">\r\n\t\t<div class=\"row align-items-center\">\r\n\t\t\t<div class=\"col-lg-6 col-image order-2 \">\r\n\t\t\t\t\t\t\t\t\t<div class=\"img-box\">\r\n\t\t\t\t\t\t<div class=\"bg-deco-box deco_orange_2\">\r\n\t\t\t\t\t\t\t<div class=\"img-1-box-v1\">\r\n\t\t\t\t\t\t\t\t<img decoding=\"async\" src=\"https:\/\/napaga.s3.bhs.io.cloud.ovh.net\/2025\/03\/dji-0558.jpg\" alt=\"\" class=\"img-fluid \">\r\n\t\t\t\t\t\t\t<\/div>\r\n\t\t\t\t\t\t<\/div>\r\n\t\t\t\t\t<\/div>\r\n\t\t\t\t\t\t\t\t\t\t\t<\/div>\r\n\t\t\t<div class=\"col-text  col-lg-6\">\r\n\t\t\t\t<div class=\"content-box\">\r\n\t\t\t\t\t<h2 class=\"title\">Everything you need to know and plan for<\/h2>\t\t\t\t\t<p>You probably have lots of questions about our exhibits, beaches, trails, and children\u2019s activities.<\/p>\n<p>We\u2019ve got all the answers!<\/p>\n\t\t\t\t\t<div class=\"bts-box\">\t<a class=\"btn btn-primary\" href=\"https:\/\/espacenapaga.com\/en\/plan-your-visit\/\" target=\"\" title=\"Plan your visit\"  >Plan your stay<\/a>\r\n<\/div>\r\n\t\t\t\t<\/div>\r\n\t\t\t<\/div>\r\n\t\t<\/div>\r\n\t<\/div>\r\n<\/div>\r\n\n\n<div class=\"htb htb-image-pleine-largeur   default-margin-top  default-margin-bottom  htb-uid-7  \" >\r\n\t<div class=\"parallax-img-container\"><img decoding=\"async\" src=\"https:\/\/napaga.s3.bhs.io.cloud.ovh.net\/2025\/03\/photosbourg2024full-84-of-105.jpg\" class=\"parallax-img\"><\/div>\r\n\t<\/div>","protected":false},"excerpt":{"rendered":"","protected":false},"author":1,"featured_media":0,"parent":0,"menu_order":0,"comment_status":"closed","ping_status":"closed","template":"","meta":{"_acf_changed":false,"footnotes":""},"class_list":["post-1205","page","type-page","status-publish","hentry"],"acf":[],"yoast_head":"<!-- This site is optimized with the Yoast SEO plugin v26.4 - https:\/\/yoast.com\/wordpress\/plugins\/seo\/ -->\n<title>Extra - Espace NAPAGA<\/title>\n<meta name=\"robots\" content=\"index, follow, max-snippet:-1, max-image-preview:large, max-video-preview:-1\" \/>\n<link rel=\"canonical\" href=\"https:\/\/espacenapaga.com\/en\/extra\/\" \/>\n<meta property=\"og:locale\" content=\"en_US\" \/>\n<meta property=\"og:type\" content=\"article\" \/>\n<meta property=\"og:title\" content=\"Extra - Espace NAPAGA\" \/>\n<meta property=\"og:url\" content=\"https:\/\/espacenapaga.com\/en\/extra\/\" \/>\n<meta property=\"og:site_name\" content=\"Espace NAPAGA\" \/>\n<meta property=\"article:publisher\" content=\"https:\/\/www.facebook.com\/LeBourgDePabos\" \/>\n<meta property=\"article:modified_time\" content=\"2025-04-30T15:53:18+00:00\" \/>\n<meta property=\"og:image\" content=\"https:\/\/napaga.s3.bhs.io.cloud.ovh.net\/2025\/04\/napaga-social-1.jpg\" \/>\n\t<meta property=\"og:image:width\" content=\"1200\" \/>\n\t<meta property=\"og:image:height\" content=\"630\" \/>\n\t<meta property=\"og:image:type\" content=\"image\/jpeg\" \/>\n<meta name=\"twitter:card\" content=\"summary_large_image\" \/>\n<meta name=\"twitter:label1\" content=\"Est. reading time\" \/>\n\t<meta name=\"twitter:data1\" content=\"1 minute\" \/>\n<script type=\"application\/ld+json\" class=\"yoast-schema-graph\">{\"@context\":\"https:\/\/schema.org\",\"@graph\":[{\"@type\":\"WebPage\",\"@id\":\"https:\/\/espacenapaga.com\/en\/extra\/\",\"url\":\"https:\/\/espacenapaga.com\/en\/extra\/\",\"name\":\"Extra - Espace NAPAGA\",\"isPartOf\":{\"@id\":\"https:\/\/espacenapaga.com\/en\/#website\"},\"datePublished\":\"2025-02-26T20:42:54+00:00\",\"dateModified\":\"2025-04-30T15:53:18+00:00\",\"breadcrumb\":{\"@id\":\"https:\/\/espacenapaga.com\/en\/extra\/#breadcrumb\"},\"inLanguage\":\"en-US\",\"potentialAction\":[{\"@type\":\"ReadAction\",\"target\":[\"https:\/\/espacenapaga.com\/en\/extra\/\"]}]},{\"@type\":\"BreadcrumbList\",\"@id\":\"https:\/\/espacenapaga.com\/en\/extra\/#breadcrumb\",\"itemListElement\":[{\"@type\":\"ListItem\",\"position\":1,\"name\":\"Home\",\"item\":\"https:\/\/espacenapaga.com\/en\/\"},{\"@type\":\"ListItem\",\"position\":2,\"name\":\"Extra\"}]},{\"@type\":\"WebSite\",\"@id\":\"https:\/\/espacenapaga.com\/en\/#website\",\"url\":\"https:\/\/espacenapaga.com\/en\/\",\"name\":\"Espace Napaga\",\"description\":\"Nature et arch\u00e9ologique \u00e0 Pabos Mills en Gasp\u00e9sie\",\"publisher\":{\"@id\":\"https:\/\/espacenapaga.com\/en\/#organization\"},\"potentialAction\":[{\"@type\":\"SearchAction\",\"target\":{\"@type\":\"EntryPoint\",\"urlTemplate\":\"https:\/\/espacenapaga.com\/en\/?s={search_term_string}\"},\"query-input\":{\"@type\":\"PropertyValueSpecification\",\"valueRequired\":true,\"valueName\":\"search_term_string\"}}],\"inLanguage\":\"en-US\"},{\"@type\":\"Organization\",\"@id\":\"https:\/\/espacenapaga.com\/en\/#organization\",\"name\":\"Espace Napaga\",\"url\":\"https:\/\/espacenapaga.com\/en\/\",\"logo\":{\"@type\":\"ImageObject\",\"inLanguage\":\"en-US\",\"@id\":\"https:\/\/espacenapaga.com\/en\/#\/schema\/logo\/image\/\",\"url\":\"https:\/\/napaga.s3.bhs.io.cloud.ovh.net\/2025\/02\/napaga-logoprincipal-orange-2-2.png\",\"contentUrl\":\"https:\/\/napaga.s3.bhs.io.cloud.ovh.net\/2025\/02\/napaga-logoprincipal-orange-2-2.png\",\"width\":150,\"height\":151,\"caption\":\"Espace Napaga\"},\"image\":{\"@id\":\"https:\/\/espacenapaga.com\/en\/#\/schema\/logo\/image\/\"},\"sameAs\":[\"https:\/\/www.facebook.com\/LeBourgDePabos\",\"https:\/\/www.instagram.com\/bourgdepabos\/\"]}]}<\/script>\n<!-- \/ Yoast SEO plugin. -->","yoast_head_json":{"title":"Extra - Espace NAPAGA","robots":{"index":"index","follow":"follow","max-snippet":"max-snippet:-1","max-image-preview":"max-image-preview:large","max-video-preview":"max-video-preview:-1"},"canonical":"https:\/\/espacenapaga.com\/en\/extra\/","og_locale":"en_US","og_type":"article","og_title":"Extra - Espace NAPAGA","og_url":"https:\/\/espacenapaga.com\/en\/extra\/","og_site_name":"Espace NAPAGA","article_publisher":"https:\/\/www.facebook.com\/LeBourgDePabos","article_modified_time":"2025-04-30T15:53:18+00:00","og_image":[{"width":1200,"height":630,"url":"https:\/\/napaga.s3.bhs.io.cloud.ovh.net\/2025\/04\/napaga-social-1.jpg","type":"image\/jpeg"}],"twitter_card":"summary_large_image","twitter_misc":{"Est. reading time":"1 minute"},"schema":{"@context":"https:\/\/schema.org","@graph":[{"@type":"WebPage","@id":"https:\/\/espacenapaga.com\/en\/extra\/","url":"https:\/\/espacenapaga.com\/en\/extra\/","name":"Extra - Espace NAPAGA","isPartOf":{"@id":"https:\/\/espacenapaga.com\/en\/#website"},"datePublished":"2025-02-26T20:42:54+00:00","dateModified":"2025-04-30T15:53:18+00:00","breadcrumb":{"@id":"https:\/\/espacenapaga.com\/en\/extra\/#breadcrumb"},"inLanguage":"en-US","potentialAction":[{"@type":"ReadAction","target":["https:\/\/espacenapaga.com\/en\/extra\/"]}]},{"@type":"BreadcrumbList","@id":"https:\/\/espacenapaga.com\/en\/extra\/#breadcrumb","itemListElement":[{"@type":"ListItem","position":1,"name":"Home","item":"https:\/\/espacenapaga.com\/en\/"},{"@type":"ListItem","position":2,"name":"Extra"}]},{"@type":"WebSite","@id":"https:\/\/espacenapaga.com\/en\/#website","url":"https:\/\/espacenapaga.com\/en\/","name":"Espace Napaga","description":"Nature et arch\u00e9ologique \u00e0 Pabos Mills en Gasp\u00e9sie","publisher":{"@id":"https:\/\/espacenapaga.com\/en\/#organization"},"potentialAction":[{"@type":"SearchAction","target":{"@type":"EntryPoint","urlTemplate":"https:\/\/espacenapaga.com\/en\/?s={search_term_string}"},"query-input":{"@type":"PropertyValueSpecification","valueRequired":true,"valueName":"search_term_string"}}],"inLanguage":"en-US"},{"@type":"Organization","@id":"https:\/\/espacenapaga.com\/en\/#organization","name":"Espace Napaga","url":"https:\/\/espacenapaga.com\/en\/","logo":{"@type":"ImageObject","inLanguage":"en-US","@id":"https:\/\/espacenapaga.com\/en\/#\/schema\/logo\/image\/","url":"https:\/\/napaga.s3.bhs.io.cloud.ovh.net\/2025\/02\/napaga-logoprincipal-orange-2-2.png","contentUrl":"https:\/\/napaga.s3.bhs.io.cloud.ovh.net\/2025\/02\/napaga-logoprincipal-orange-2-2.png","width":150,"height":151,"caption":"Espace Napaga"},"image":{"@id":"https:\/\/espacenapaga.com\/en\/#\/schema\/logo\/image\/"},"sameAs":["https:\/\/www.facebook.com\/LeBourgDePabos","https:\/\/www.instagram.com\/bourgdepabos\/"]}]}},"_links":{"self":[{"href":"https:\/\/espacenapaga.com\/en\/wp-json\/wp\/v2\/pages\/1205","targetHints":{"allow":["GET"]}}],"collection":[{"href":"https:\/\/espacenapaga.com\/en\/wp-json\/wp\/v2\/pages"}],"about":[{"href":"https:\/\/espacenapaga.com\/en\/wp-json\/wp\/v2\/types\/page"}],"author":[{"embeddable":true,"href":"https:\/\/espacenapaga.com\/en\/wp-json\/wp\/v2\/users\/1"}],"replies":[{"embeddable":true,"href":"https:\/\/espacenapaga.com\/en\/wp-json\/wp\/v2\/comments?post=1205"}],"version-history":[{"count":2,"href":"https:\/\/espacenapaga.com\/en\/wp-json\/wp\/v2\/pages\/1205\/revisions"}],"predecessor-version":[{"id":1279,"href":"https:\/\/espacenapaga.com\/en\/wp-json\/wp\/v2\/pages\/1205\/revisions\/1279"}],"wp:attachment":[{"href":"https:\/\/espacenapaga.com\/en\/wp-json\/wp\/v2\/media?parent=1205"}],"curies":[{"name":"wp","href":"https:\/\/api.w.org\/{rel}","templated":true}]}}