{"id":1203,"date":"2025-02-26T16:05:29","date_gmt":"2025-02-26T21:05:29","guid":{"rendered":"https:\/\/espacenapaga.com\/?page_id=1203"},"modified":"2025-04-30T11:55:17","modified_gmt":"2025-04-30T15:55:17","slug":"play","status":"publish","type":"page","link":"https:\/\/espacenapaga.com\/en\/play\/","title":{"rendered":"Play"},"content":{"rendered":"<div class=\"htb htb-hero   default-margin-top  default-margin-bottom  htb-uid-1  \" style=\"background-image: url(https:\/\/napaga.s3.bhs.io.cloud.ovh.net\/2025\/02\/hero-1-scaled.jpg);\"  >\r\n\t<div class=\"container-xl\">\r\n\t\t<div class=\"row align-items-center justify-content-center\">\r\n\t\t\t<div class=\"col-12\">\r\n\t\t\t\t<div class=\"content-box text-center white\">\r\n\t\t\t\t\t<h1 class=\"orange\">The great  <span class=\"white\"><br>outdoors\n<\/span><\/h1>\t\t\t\t\t\t\t\t\t<\/div>\r\n\t\t\t<\/div>\r\n\t\t<\/div>\r\n\t<\/div>\r\n\r\n<\/div>\r\n\n\n<div class='htb htb-bootsrap-container bg-color color-beige'><div class=\"wp-bootstrap-blocks-container container-xl mb-0\">\n\t\n<div class=\"wp-bootstrap-blocks-row row\">\n\t\n\n<div class=\"col-12 col-xl-2\">\n\t\t\t\t<\/div>\n\n\n\n<div class=\"col-12 col-xl-8\">\n\t\t\t\n\n<p class=\"has-text-align-center has-x-large-font-size\"><strong>Espace NAPAGA<\/strong> is brimming with magical places and breathtaking panoramas \u2013 guaranteed favourites!<\/p>\n\n\n\n<p class=\"has-text-align-center has-x-large-font-size\">Even in the great outdoors, archaeology is alive and well!<\/p>\n\n\n\n<p class=\"has-text-align-center has-x-large-font-size\"><\/p>\n\n\t<\/div>\n\n<\/div>\n\n<\/div>\n<\/div>\n\n<div class=\"htb htb-texte-image    default-margin-top  default-margin-bottom  htb-uid-2  pic_right\" >\r\n\t<div class=\"container-xl\">\r\n\t\t<div class=\"row align-items-center\">\r\n\t\t\t<div class=\"col-lg-6 col-image order-2 \">\r\n\t\t\t\t\t\t\t\t\t<div class=\"img-box\">\r\n\t\t\t\t\t\t<div class=\"bg-deco-box deco_orange_2\">\r\n\t\t\t\t\t\t\t<div class=\"img-1-box-v1\">\r\n\t\t\t\t\t\t\t\t<img decoding=\"async\" src=\"https:\/\/napaga.s3.bhs.io.cloud.ovh.net\/2025\/02\/photosbourg2024full-2-of-105.jpg\" alt=\"\" class=\"img-fluid \">\r\n\t\t\t\t\t\t\t<\/div>\r\n\t\t\t\t\t\t<\/div>\r\n\t\t\t\t\t<\/div>\r\n\t\t\t\t\t\t\t\t\t\t\t<\/div>\r\n\t\t\t<div class=\"col-text  col-lg-6\">\r\n\t\t\t\t<div class=\"content-box\">\r\n\t\t\t\t\t<h2 class=\"title\">Beaches as far as the eye can see<\/h2>\t\t\t\t\t<p><strong>Espace NAPAGA\u2019s<\/strong> three beaches are renowned for their fine sand and intimate atmosphere. They stretch for several kilometres, making them an ideal destination for a long romantic walk, a family outing, or a day of swimming. Locals love them, and visitors embrace them!<\/p>\n<p>A detour to the seaside is a must \u2013 the Gulf of St. Lawrence awaits! Dive into the Grande Anse when the sun is at its zenith, or walk along its shores and marvel at its magnificent sunsets.<\/p>\n<p><em>During high season, a team of lifeguards from the City of Chandler provides partial supervision of the third beach. The other beaches are unsupervised.<\/em><\/p>\n\t\t\t\t\t<div class=\"bts-box\"><\/div>\r\n\t\t\t\t<\/div>\r\n\t\t\t<\/div>\r\n\t\t<\/div>\r\n\t<\/div>\r\n<\/div>\r\n\n\n<div class=\"htb htb-texte-image    default-margin-top  default-margin-bottom  htb-uid-3  pic_left\" >\r\n\t<div class=\"container-xl\">\r\n\t\t<div class=\"row align-items-center\">\r\n\t\t\t<div class=\"col-lg-6 col-image  order-2 order-lg-1\">\r\n\t\t\t\t\t\t\t\t\t<div class=\"img-box\">\r\n\t\t\t\t\t\t<div class=\"bg-deco-box deco_vert_fonce_1\">\r\n\t\t\t\t\t\t\t<div class=\"img-1-box-v1\">\r\n\t\t\t\t\t\t\t\t<img decoding=\"async\" src=\"https:\/\/napaga.s3.bhs.io.cloud.ovh.net\/2025\/03\/enfants2.jpg\" alt=\"\" class=\"img-fluid \">\r\n\t\t\t\t\t\t\t<\/div>\r\n\t\t\t\t\t\t<\/div>\r\n\t\t\t\t\t<\/div>\r\n\t\t\t\t\t\t\t\t\t\t\t<\/div>\r\n\t\t\t<div class=\"col-text col-lg-6 order-1 order-lg-2 \">\r\n\t\t\t\t<div class=\"content-box\">\r\n\t\t\t\t\t<h2 class=\"title\">Play and rest areas<\/h2>\t\t\t\t\t<p>Stretching your legs, letting the kids run around, cooling off and sharing a delicious picnic: so many precious and sought-after summer moments! <strong>Espace NAPAGA<\/strong> has thought of everything for young and old alike: children\u2019s play structures, water displays, picnic tables, and clean and well-maintained restrooms. Everything comes together to make this place a must-see for a successful Gasp\u00e9 vacation.<\/p>\n\t\t\t\t\t<div class=\"bts-box\"><\/div>\r\n\t\t\t\t<\/div>\r\n\t\t\t<\/div>\r\n\t\t<\/div>\r\n\t<\/div>\r\n<\/div>\r\n\n\n<div class=\"htb htb-texte-image    default-margin-top  default-margin-bottom  htb-uid-4  pic_right\" >\r\n\t<div class=\"container-xl\">\r\n\t\t<div class=\"row align-items-center\">\r\n\t\t\t<div class=\"col-lg-6 col-image order-2 \">\r\n\t\t\t\t\t\t\t\t\t<div class=\"img-box\">\r\n\t\t\t\t\t\t<div class=\"bg-deco-box deco_orange_2\">\r\n\t\t\t\t\t\t\t<div class=\"img-1-box-v1\">\r\n\t\t\t\t\t\t\t\t<img decoding=\"async\" src=\"https:\/\/napaga.s3.bhs.io.cloud.ovh.net\/2025\/03\/img-20190713-161018.jpg\" alt=\"\" class=\"img-fluid \">\r\n\t\t\t\t\t\t\t<\/div>\r\n\t\t\t\t\t\t<\/div>\r\n\t\t\t\t\t<\/div>\r\n\t\t\t\t\t\t\t\t\t\t\t<\/div>\r\n\t\t\t<div class=\"col-text  col-lg-6\">\r\n\t\t\t\t<div class=\"content-box\">\r\n\t\t\t\t\t<h2 class=\"title\">Trails for all tastes<\/h2>\t\t\t\t\t<p>The <strong>Pointe de Pabos<\/strong> trails allow hikers and cyclists to cover more than 18 kilometres in an enchanting setting. By the sea, along the barachois, or in the forest, nature and history surprise and challenge walkers at every turn. Accessible year-round, the trails change with the seasons, revealing vibrant colours and breathtaking panoramas.<\/p>\n<p><em>Partial universal accessibility. Leashed dogs welcome. Information and maps available at the <strong>Espace NAPAGA<\/strong> reception desk.<\/em><\/p>\n<p>See the trail map as an <strong>image<\/strong> and on the Quebec hiking app <a class=\"\" href=\"https:\/\/baliseqc.ca\/3S\/explorer\/gaspesie\/parc-du-bourg-de-pabos-LR0160?lat=48.3217&amp;lng=-64.6974&amp;zoom=12\" target=\"_blank\" rel=\"noopener\">Balise<\/a>.<\/p>\n\t\t\t\t\t<div class=\"bts-box\"><\/div>\r\n\t\t\t\t<\/div>\r\n\t\t\t<\/div>\r\n\t\t<\/div>\r\n\t<\/div>\r\n<\/div>\r\n\n\n<div class=\"htb htb-texte-image    default-margin-top  default-margin-bottom  htb-uid-5  pic_left\" >\r\n\t<div class=\"container-xl\">\r\n\t\t<div class=\"row align-items-center\">\r\n\t\t\t<div class=\"col-lg-6 col-image  order-2 order-lg-1\">\r\n\t\t\t\t\t\t\t\t\t<div class=\"img-box\">\r\n\t\t\t\t\t\t<div class=\"bg-deco-box deco_vert_fonce_1\">\r\n\t\t\t\t\t\t\t<div class=\"img-1-box-v1\">\r\n\t\t\t\t\t\t\t\t<img decoding=\"async\" src=\"https:\/\/napaga.s3.bhs.io.cloud.ovh.net\/2025\/03\/sentier-1024x613-1.jpg\" alt=\"\" class=\"img-fluid \">\r\n\t\t\t\t\t\t\t<\/div>\r\n\t\t\t\t\t\t<\/div>\r\n\t\t\t\t\t<\/div>\r\n\t\t\t\t\t\t\t\t\t\t\t<\/div>\r\n\t\t\t<div class=\"col-text col-lg-6 order-1 order-lg-2 \">\r\n\t\t\t\t<div class=\"content-box\">\r\n\t\t\t\t\t<h2 class=\"title\">The Circuit des B\u00e2tisseurs<\/h2>\t\t\t\t\t<p>The Circuit des B\u00e2tisseurs is a 4-kilometre bicycle and pedestrian trail that stretches from the Atelier d\u2019art, located on McGrath Avenue South in Chandler, to Espace NAPAGA. Its highlight: the longest aluminium footbridge in North America, at 145.70 metres, overlooking the barachois.<\/p>\n<p>Taking a historical approach, the Circuit des B\u00e2tisseurs traces the period of the French regime, including the Conquest, to Chandler\u2019s industrial era, when the La Gasp\u00e9sia pulp and paper mill was at the heart of the town\u2019s economic activity. Interpretive panels, objects, and artifacts recount the rich local history, the repercussions of which are still felt in the Gasp\u00e9 Peninsula and throughout Quebec.<\/p>\n<p>In addition to its interpretive mission, this historic trail is also an ideal location for birdwatching. A telescope lets you scan the horizon for seabirds.<\/p>\n\t\t\t\t\t<div class=\"bts-box\"><\/div>\r\n\t\t\t\t<\/div>\r\n\t\t\t<\/div>\r\n\t\t<\/div>\r\n\t<\/div>\r\n<\/div>\r\n\n\n<div class='htb htb-bootsrap-container bg-color color-vert-fonce'><div class=\"wp-bootstrap-blocks-container container mb-0\">\n\t\n\n<h2 class=\"wp-block-heading has-text-align-center\"><strong>Protecting the site and the environment at the heart of our actions \u2013 and yours<\/strong><\/h2>\n\n\n\n<p class=\"has-text-align-center\">All <strong>Espace NAPAGA <\/strong>areas are an integral part of the heritage-listed Pabos archaeological site. Certain actions are strictly prohibited, including digging, walking outside designated areas, picking up artifacts, and cutting branches.<\/p>\n\n\n\n<p class=\"has-text-align-center\">The cooperation and respect of all visitors are essential to ensure the protection, conservation, and preservation of the archaeological potential of this heritage site.<\/p>\n\n\n\n<p class=\"has-text-align-center\"><\/p>\n\n\n<div class=\"wp-bootstrap-blocks-row row\">\n\t\n\n<div class=\"col-12 col-md-4\">\n\t\t\t\n<div class=\"htb htb-boite-lien   default-margin-top  default-margin-bottom  htb-uid-6 \" >\r\n\t<div class=\"boite-lien boite_vert_pale\">\r\n\t\t<a href=\"https:\/\/espacenapaga.com\/en\/visitor-engagement\/\" target=\"\">\r\n\t\t\t<span class=\"logo\"><\/span>\r\n\t\t\t<h3 class=\"title\">Visitor Pledge<\/h3>\t\t\t<span class=\"fleche\"><\/span>\r\n\t\t<\/a>\r\n\t<\/div>\r\n\r\n<\/div>\r\n\n\t<\/div>\n\n\n\n<div class=\"col-12 col-md-4\">\n\t\t\t\n<div class=\"htb htb-boite-lien   default-margin-top  default-margin-bottom  htb-uid-7 \" >\r\n\t<div class=\"boite-lien boite_beige\">\r\n\t\t<a href=\"https:\/\/espacenapaga.com\/en\/archaeology\/\" target=\"\">\r\n\t\t\t<span class=\"logo\"><\/span>\r\n\t\t\t<h3 class=\"title\">Listed archaeological site<\/h3>\t\t\t<span class=\"fleche\"><\/span>\r\n\t\t<\/a>\r\n\t<\/div>\r\n\r\n<\/div>\r\n\n\t<\/div>\n\n\n\n<div class=\"col-12 col-md-4\">\n\t\t\t\n\n\t<\/div>\n\n<\/div>\n\n<\/div>\n<\/div>\n\n<div class='htb htb-bootsrap-container bg-color color-orange'><div class=\"wp-bootstrap-blocks-container container mb-0\">\n\t\n\n<h2 class=\"wp-block-heading has-text-align-center\"><strong>To savour every moment, explore all the possibilities<\/strong><\/h2>\n\n\n\n<div style=\"height:20px\" aria-hidden=\"true\" class=\"wp-block-spacer\"><\/div>\n\n\n<div class=\"wp-bootstrap-blocks-row row\">\n\t\n\n<div class=\"col-12 col-md-6 col-lg-3\">\n\t\t\t\n<div class=\"htb htb-boite-exposition   default-margin-top  default-margin-bottom  htb-uid-8 \" >\r\n\t<div class=\"boite-lien boite_vert_pale\" >\r\n\t\t<a href=\"https:\/\/espacenapaga.com\/en\/archaeology\/exhibits\/permanent-exhibits-and-recreational-activities\/\" target=\"\" style=\"background-image: url(https:\/\/napaga.s3.bhs.io.cloud.ovh.net\/2025\/02\/image-1.jpg);\" >\r\n\t\t\t<div class=\"title-box\">\r\n\t\t\t\t<h3 class=\"title\">Permanent exhibits and immersive interpretive activities<\/h3>\t\t\t<\/div>\r\n\t\t<\/a>\r\n\t<\/div>\r\n<\/div>\r\n\n\t<\/div>\n\n\n\n<div class=\"col-12 col-md-6 col-lg-3\">\n\t\t\t\n<div class=\"htb htb-boite-exposition   default-margin-top  default-margin-bottom  htb-uid-9 \" >\r\n\t<div class=\"boite-lien boite_vert_fonce\" >\r\n\t\t<a href=\"https:\/\/espacenapaga.com\/en\/play\/\" target=\"\" style=\"background-image: url(https:\/\/napaga.s3.bhs.io.cloud.ovh.net\/2025\/03\/capture-decran-le-2025-03-10-a-150232.jpg);\" >\r\n\t\t\t<div class=\"title-box\">\r\n\t\t\t\t<h3 class=\"title\">Nature-centred accommodations<\/h3>\t\t\t<\/div>\r\n\t\t<\/a>\r\n\t<\/div>\r\n<\/div>\r\n\n\t<\/div>\n\n\n\n<div class=\"col-12 col-md-6 col-lg-3\">\n\t\t\t\n<div class=\"htb htb-boite-exposition   default-margin-top  default-margin-bottom  htb-uid-10 \" >\r\n\t<div class=\"boite-lien boite_beige\" >\r\n\t\t<a href=\"https:\/\/espacenapaga.com\/en\/extra\/restaurant\/\" target=\"\" style=\"background-image: url(https:\/\/napaga.s3.bhs.io.cloud.ovh.net\/2025\/02\/img-20190722-202639.jpg);\" >\r\n\t\t\t<div class=\"title-box\">\r\n\t\t\t\t<h3 class=\"title\">Bistro<\/h3>\t\t\t<\/div>\r\n\t\t<\/a>\r\n\t<\/div>\r\n<\/div>\r\n\n\t<\/div>\n\n\n\n<div class=\"col-12 col-md-6 col-lg-3\">\n\t\t\t\n<div class=\"htb htb-boite-exposition   default-margin-top  default-margin-bottom  htb-uid-11 \" >\r\n\t<div class=\"boite-lien boite_bleu\" >\r\n\t\t<a href=\"https:\/\/espacenapaga.com\/en\/ticketing\/\" target=\"\" style=\"background-image: url(https:\/\/napaga.s3.bhs.io.cloud.ovh.net\/2025\/03\/photosbourg2024full-68-of-105.jpg);\" >\r\n\t\t\t<div class=\"title-box\">\r\n\t\t\t\t<h3 class=\"title\">Ticketing<\/h3>\t\t\t<\/div>\r\n\t\t<\/a>\r\n\t<\/div>\r\n<\/div>\r\n\n\t<\/div>\n\n<\/div>\n\n<\/div>\n<\/div>","protected":false},"excerpt":{"rendered":"","protected":false},"author":1,"featured_media":0,"parent":0,"menu_order":0,"comment_status":"closed","ping_status":"closed","template":"","meta":{"_acf_changed":false,"footnotes":""},"class_list":["post-1203","page","type-page","status-publish","hentry"],"acf":[],"yoast_head":"<!-- This site is optimized with the Yoast SEO plugin v26.4 - https:\/\/yoast.com\/wordpress\/plugins\/seo\/ -->\n<title>Play - Espace NAPAGA<\/title>\n<meta name=\"robots\" content=\"index, follow, max-snippet:-1, max-image-preview:large, max-video-preview:-1\" \/>\n<link rel=\"canonical\" href=\"https:\/\/espacenapaga.com\/en\/play\/\" \/>\n<meta property=\"og:locale\" content=\"en_US\" \/>\n<meta property=\"og:type\" content=\"article\" \/>\n<meta property=\"og:title\" content=\"Play - Espace NAPAGA\" \/>\n<meta property=\"og:url\" content=\"https:\/\/espacenapaga.com\/en\/play\/\" \/>\n<meta property=\"og:site_name\" content=\"Espace NAPAGA\" \/>\n<meta property=\"article:publisher\" content=\"https:\/\/www.facebook.com\/LeBourgDePabos\" \/>\n<meta property=\"article:modified_time\" content=\"2025-04-30T15:55:17+00:00\" \/>\n<meta property=\"og:image\" content=\"https:\/\/napaga.s3.bhs.io.cloud.ovh.net\/2025\/04\/napaga-social-1.jpg\" \/>\n\t<meta property=\"og:image:width\" content=\"1200\" \/>\n\t<meta property=\"og:image:height\" content=\"630\" \/>\n\t<meta property=\"og:image:type\" content=\"image\/jpeg\" \/>\n<meta name=\"twitter:card\" content=\"summary_large_image\" \/>\n<meta name=\"twitter:label1\" content=\"Est. reading time\" \/>\n\t<meta name=\"twitter:data1\" content=\"1 minute\" \/>\n<script type=\"application\/ld+json\" class=\"yoast-schema-graph\">{\"@context\":\"https:\/\/schema.org\",\"@graph\":[{\"@type\":\"WebPage\",\"@id\":\"https:\/\/espacenapaga.com\/en\/play\/\",\"url\":\"https:\/\/espacenapaga.com\/en\/play\/\",\"name\":\"Play - Espace NAPAGA\",\"isPartOf\":{\"@id\":\"https:\/\/espacenapaga.com\/en\/#website\"},\"datePublished\":\"2025-02-26T21:05:29+00:00\",\"dateModified\":\"2025-04-30T15:55:17+00:00\",\"breadcrumb\":{\"@id\":\"https:\/\/espacenapaga.com\/en\/play\/#breadcrumb\"},\"inLanguage\":\"en-US\",\"potentialAction\":[{\"@type\":\"ReadAction\",\"target\":[\"https:\/\/espacenapaga.com\/en\/play\/\"]}]},{\"@type\":\"BreadcrumbList\",\"@id\":\"https:\/\/espacenapaga.com\/en\/play\/#breadcrumb\",\"itemListElement\":[{\"@type\":\"ListItem\",\"position\":1,\"name\":\"Home\",\"item\":\"https:\/\/espacenapaga.com\/en\/\"},{\"@type\":\"ListItem\",\"position\":2,\"name\":\"Play\"}]},{\"@type\":\"WebSite\",\"@id\":\"https:\/\/espacenapaga.com\/en\/#website\",\"url\":\"https:\/\/espacenapaga.com\/en\/\",\"name\":\"Espace Napaga\",\"description\":\"Nature et arch\u00e9ologique \u00e0 Pabos Mills en Gasp\u00e9sie\",\"publisher\":{\"@id\":\"https:\/\/espacenapaga.com\/en\/#organization\"},\"potentialAction\":[{\"@type\":\"SearchAction\",\"target\":{\"@type\":\"EntryPoint\",\"urlTemplate\":\"https:\/\/espacenapaga.com\/en\/?s={search_term_string}\"},\"query-input\":{\"@type\":\"PropertyValueSpecification\",\"valueRequired\":true,\"valueName\":\"search_term_string\"}}],\"inLanguage\":\"en-US\"},{\"@type\":\"Organization\",\"@id\":\"https:\/\/espacenapaga.com\/en\/#organization\",\"name\":\"Espace Napaga\",\"url\":\"https:\/\/espacenapaga.com\/en\/\",\"logo\":{\"@type\":\"ImageObject\",\"inLanguage\":\"en-US\",\"@id\":\"https:\/\/espacenapaga.com\/en\/#\/schema\/logo\/image\/\",\"url\":\"https:\/\/napaga.s3.bhs.io.cloud.ovh.net\/2025\/02\/napaga-logoprincipal-orange-2-2.png\",\"contentUrl\":\"https:\/\/napaga.s3.bhs.io.cloud.ovh.net\/2025\/02\/napaga-logoprincipal-orange-2-2.png\",\"width\":150,\"height\":151,\"caption\":\"Espace Napaga\"},\"image\":{\"@id\":\"https:\/\/espacenapaga.com\/en\/#\/schema\/logo\/image\/\"},\"sameAs\":[\"https:\/\/www.facebook.com\/LeBourgDePabos\",\"https:\/\/www.instagram.com\/bourgdepabos\/\"]}]}<\/script>\n<!-- \/ Yoast SEO plugin. -->","yoast_head_json":{"title":"Play - Espace NAPAGA","robots":{"index":"index","follow":"follow","max-snippet":"max-snippet:-1","max-image-preview":"max-image-preview:large","max-video-preview":"max-video-preview:-1"},"canonical":"https:\/\/espacenapaga.com\/en\/play\/","og_locale":"en_US","og_type":"article","og_title":"Play - Espace NAPAGA","og_url":"https:\/\/espacenapaga.com\/en\/play\/","og_site_name":"Espace NAPAGA","article_publisher":"https:\/\/www.facebook.com\/LeBourgDePabos","article_modified_time":"2025-04-30T15:55:17+00:00","og_image":[{"width":1200,"height":630,"url":"https:\/\/napaga.s3.bhs.io.cloud.ovh.net\/2025\/04\/napaga-social-1.jpg","type":"image\/jpeg"}],"twitter_card":"summary_large_image","twitter_misc":{"Est. reading time":"1 minute"},"schema":{"@context":"https:\/\/schema.org","@graph":[{"@type":"WebPage","@id":"https:\/\/espacenapaga.com\/en\/play\/","url":"https:\/\/espacenapaga.com\/en\/play\/","name":"Play - Espace NAPAGA","isPartOf":{"@id":"https:\/\/espacenapaga.com\/en\/#website"},"datePublished":"2025-02-26T21:05:29+00:00","dateModified":"2025-04-30T15:55:17+00:00","breadcrumb":{"@id":"https:\/\/espacenapaga.com\/en\/play\/#breadcrumb"},"inLanguage":"en-US","potentialAction":[{"@type":"ReadAction","target":["https:\/\/espacenapaga.com\/en\/play\/"]}]},{"@type":"BreadcrumbList","@id":"https:\/\/espacenapaga.com\/en\/play\/#breadcrumb","itemListElement":[{"@type":"ListItem","position":1,"name":"Home","item":"https:\/\/espacenapaga.com\/en\/"},{"@type":"ListItem","position":2,"name":"Play"}]},{"@type":"WebSite","@id":"https:\/\/espacenapaga.com\/en\/#website","url":"https:\/\/espacenapaga.com\/en\/","name":"Espace Napaga","description":"Nature et arch\u00e9ologique \u00e0 Pabos Mills en Gasp\u00e9sie","publisher":{"@id":"https:\/\/espacenapaga.com\/en\/#organization"},"potentialAction":[{"@type":"SearchAction","target":{"@type":"EntryPoint","urlTemplate":"https:\/\/espacenapaga.com\/en\/?s={search_term_string}"},"query-input":{"@type":"PropertyValueSpecification","valueRequired":true,"valueName":"search_term_string"}}],"inLanguage":"en-US"},{"@type":"Organization","@id":"https:\/\/espacenapaga.com\/en\/#organization","name":"Espace Napaga","url":"https:\/\/espacenapaga.com\/en\/","logo":{"@type":"ImageObject","inLanguage":"en-US","@id":"https:\/\/espacenapaga.com\/en\/#\/schema\/logo\/image\/","url":"https:\/\/napaga.s3.bhs.io.cloud.ovh.net\/2025\/02\/napaga-logoprincipal-orange-2-2.png","contentUrl":"https:\/\/napaga.s3.bhs.io.cloud.ovh.net\/2025\/02\/napaga-logoprincipal-orange-2-2.png","width":150,"height":151,"caption":"Espace Napaga"},"image":{"@id":"https:\/\/espacenapaga.com\/en\/#\/schema\/logo\/image\/"},"sameAs":["https:\/\/www.facebook.com\/LeBourgDePabos","https:\/\/www.instagram.com\/bourgdepabos\/"]}]}},"_links":{"self":[{"href":"https:\/\/espacenapaga.com\/en\/wp-json\/wp\/v2\/pages\/1203","targetHints":{"allow":["GET"]}}],"collection":[{"href":"https:\/\/espacenapaga.com\/en\/wp-json\/wp\/v2\/pages"}],"about":[{"href":"https:\/\/espacenapaga.com\/en\/wp-json\/wp\/v2\/types\/page"}],"author":[{"embeddable":true,"href":"https:\/\/espacenapaga.com\/en\/wp-json\/wp\/v2\/users\/1"}],"replies":[{"embeddable":true,"href":"https:\/\/espacenapaga.com\/en\/wp-json\/wp\/v2\/comments?post=1203"}],"version-history":[{"count":2,"href":"https:\/\/espacenapaga.com\/en\/wp-json\/wp\/v2\/pages\/1203\/revisions"}],"predecessor-version":[{"id":1285,"href":"https:\/\/espacenapaga.com\/en\/wp-json\/wp\/v2\/pages\/1203\/revisions\/1285"}],"wp:attachment":[{"href":"https:\/\/espacenapaga.com\/en\/wp-json\/wp\/v2\/media?parent=1203"}],"curies":[{"name":"wp","href":"https:\/\/api.w.org\/{rel}","templated":true}]}}