{"id":1195,"date":"2025-03-04T15:28:45","date_gmt":"2025-03-04T20:28:45","guid":{"rendered":"https:\/\/espacenapaga.com\/?page_id=1195"},"modified":"2025-04-30T11:50:18","modified_gmt":"2025-04-30T15:50:18","slug":"ura-immersive-trail","status":"publish","type":"page","link":"https:\/\/espacenapaga.com\/en\/archaeology\/exhibits\/ura-immersive-trail\/","title":{"rendered":"URA Immersive Trail"},"content":{"rendered":"<div class=\"htb htb-hero   default-margin-top  default-margin-bottom  htb-uid-1  \" style=\"background-image: url(https:\/\/napaga.s3.bhs.io.cloud.ovh.net\/2025\/02\/hero-1-scaled.jpg);\"  >\r\n\t<div class=\"container-xl\">\r\n\t\t<div class=\"row align-items-center justify-content-center\">\r\n\t\t\t<div class=\"col-12\">\r\n\t\t\t\t<div class=\"content-box text-center Choisir\">\r\n\t\t\t\t\t<h1 class=\"orange\">URA: A Celebration of Water <span class=\"white\"><\/span><\/h1>\t\t\t\t\t\t\t\t\t<\/div>\r\n\t\t\t<\/div>\r\n\t\t<\/div>\r\n\t<\/div>\r\n\r\n<\/div>\r\n\n\n<div class=\"htb htb-texte-image    default-margin-top  default-margin-bottom  htb-uid-2  pic_right\" >\r\n\t<div class=\"container-xl\">\r\n\t\t<div class=\"row align-items-center\">\r\n\t\t\t<div class=\"col-lg-6 col-image order-2 \">\r\n\t\t\t\t\t\t\t\t\t<div class=\"img-box\">\r\n\t\t\t\t\t\t<div class=\"bg-deco-box deco_vert_fonce_2\">\r\n\t\t\t\t\t\t\t<div class=\"img-1-box-v1\">\r\n\t\t\t\t\t\t\t\t<img decoding=\"async\" src=\"https:\/\/napaga.s3.bhs.io.cloud.ovh.net\/2025\/03\/chok9086-web.jpg\" alt=\"\" class=\"img-fluid \">\r\n\t\t\t\t\t\t\t<\/div>\r\n\t\t\t\t\t\t<\/div>\r\n\t\t\t\t\t<\/div>\r\n\t\t\t\t\t\t\t\t\t\t\t<\/div>\r\n\t\t\t<div class=\"col-text  col-lg-6\">\r\n\t\t\t\t<div class=\"content-box\">\r\n\t\t\t\t\t<h2 class=\"title\">An odyssey to the sources of life<\/h2>\t\t\t\t\t<p>Ura immerses you in an adventure where the power of water takes on new meaning.<\/p>\n<p>In the heart of the forest and at the mercy of the waves, Lamia invites you to follow the path of the water, a journey where whispers and mysteries intertwine. Keeper of secrets, she will entrust you with the keys to eight stations scattered along your route. At each station, the water will reveal its stories to you \u2013 those of the flora and fauna, the sleeping shipwrecks, the barachois and bay, the rivers and waterfront that shape the region. Once you\u2019ve completed this journey, you\u2019ll never see the water in the same way again . . .<\/p>\n<p><em>Self-guided tour, accessible day and evening. Available in English and French Duration: approximately 60 minutes. Online booking recommended.<\/em><\/p>\n\t\t\t\t\t<div class=\"bts-box\"><\/div>\r\n\t\t\t\t<\/div>\r\n\t\t\t<\/div>\r\n\t\t<\/div>\r\n\t<\/div>\r\n<\/div>\r\n\n\n<div class=\"htb htb-image-pleine-largeur   default-margin-top  default-margin-bottom  htb-uid-3  \" >\r\n\t<div class=\"parallax-img-container\"><img decoding=\"async\" src=\"https:\/\/napaga.s3.bhs.io.cloud.ovh.net\/2025\/03\/chok8602-web.jpg\" class=\"parallax-img\"><\/div>\r\n\t<\/div>\n\n<div class='htb htb-bootsrap-container bg-color color-none'><div class=\"wp-bootstrap-blocks-container container mb-0\">\n\t\n\n<h2 class=\"wp-block-heading has-text-align-center\"><strong><strong><strong>Hours and Prices<\/strong><\/strong><\/strong><\/h2>\n\n\n<div class=\"wp-bootstrap-blocks-row row\">\n\t\n\n<div class=\"col-12 col-md-6\">\n\t\t\t\n<div class=\"htb htb-boite-lien   default-margin-top  default-margin-bottom  htb-uid-4 \" >\r\n\t<div class=\"boite-lien boite_vert_pale\">\r\n\t\t<a href=\"https:\/\/espacenapaga.com\/en\/ticketing\/\" target=\"\">\r\n\t\t\t<span class=\"logo\"><\/span>\r\n\t\t\t<h3 class=\"title\">Ticketing<\/h3>\t\t\t<span class=\"fleche\"><\/span>\r\n\t\t<\/a>\r\n\t<\/div>\r\n\r\n<\/div>\r\n\n\t<\/div>\n\n\n\n<div class=\"col-12 col-md-6\">\n\t\t\t\n<div class=\"htb htb-boite-lien   default-margin-top  default-margin-bottom  htb-uid-5 \" >\r\n\t<div class=\"boite-lien boite_orange\">\r\n\t\t<a href=\"https:\/\/espacenapaga.com\/en\/plan-your-visit\/\" target=\"\">\r\n\t\t\t<span class=\"logo\"><\/span>\r\n\t\t\t<h3 class=\"title\">Plan my visit<\/h3>\t\t\t<span class=\"fleche\"><\/span>\r\n\t\t<\/a>\r\n\t<\/div>\r\n\r\n<\/div>\r\n\n\t<\/div>\n\n<\/div>\n\n<\/div>\n<\/div>\n\n<div class='htb htb-bootsrap-container bg-color color-vert-fonce'><div class=\"wp-bootstrap-blocks-container container-xl mb-0\">\n\t\n\n<h5 class=\"wp-block-heading\">Exhibit credits and production<\/h5>\n\n\n\n<p class=\"has-medium-font-size\"><strong>Production<\/strong><\/p>\n\n\n\n<p class=\"has-medium-font-size\">\u2022&nbsp;Studio Cadabra, creative division of XYZ Technologie Culturelle<\/p>\n\n\n\n<p><strong>Credits and collaborators (for Station 8)<\/strong><\/p>\n\n\n\n<ul class=\"wp-block-list has-medium-font-size\">\n<li>Moira Brown, PhD, chief scientist, Canadian Whale Institute\/Campobello Whale Rescue Team<\/li>\n\n\n\n<li>Delphine Durette-Morin, master\u2019s student at Dalhousie University and research assistant at the Canadian Whale Institute, Department of Oceanography, Dalhousie University\/Canadian Whale Institute<\/li>\n\n\n\n<li>Marianna Hagbloom, research assistant, Anderson Cabot Center for Ocean Life, New England Aquarium<\/li>\n\n\n\n<li>Nick Hawkins, photographer and photojournalist<\/li>\n\n\n\n<li>Jamison Smith, chief scientist, Blue World Research Institute<\/li>\n<\/ul>\n\n<\/div>\n<\/div>","protected":false},"excerpt":{"rendered":"","protected":false},"author":1,"featured_media":0,"parent":1197,"menu_order":0,"comment_status":"closed","ping_status":"closed","template":"","meta":{"_acf_changed":false,"footnotes":""},"class_list":["post-1195","page","type-page","status-publish","hentry"],"acf":[],"yoast_head":"<!-- This site is optimized with the Yoast SEO plugin v26.4 - https:\/\/yoast.com\/wordpress\/plugins\/seo\/ -->\n<title>URA Immersive Trail - Espace NAPAGA<\/title>\n<meta name=\"robots\" content=\"index, follow, max-snippet:-1, max-image-preview:large, max-video-preview:-1\" \/>\n<link rel=\"canonical\" href=\"https:\/\/espacenapaga.com\/en\/archaeology\/exhibits\/ura-immersive-trail\/\" \/>\n<meta property=\"og:locale\" content=\"en_US\" \/>\n<meta property=\"og:type\" content=\"article\" \/>\n<meta property=\"og:title\" content=\"URA Immersive Trail - Espace NAPAGA\" \/>\n<meta property=\"og:url\" content=\"https:\/\/espacenapaga.com\/en\/archaeology\/exhibits\/ura-immersive-trail\/\" \/>\n<meta property=\"og:site_name\" content=\"Espace NAPAGA\" \/>\n<meta property=\"article:publisher\" content=\"https:\/\/www.facebook.com\/LeBourgDePabos\" \/>\n<meta property=\"article:modified_time\" content=\"2025-04-30T15:50:18+00:00\" \/>\n<meta property=\"og:image\" content=\"https:\/\/napaga.s3.bhs.io.cloud.ovh.net\/2025\/04\/napaga-social-1.jpg\" \/>\n\t<meta property=\"og:image:width\" content=\"1200\" \/>\n\t<meta property=\"og:image:height\" content=\"630\" \/>\n\t<meta property=\"og:image:type\" content=\"image\/jpeg\" \/>\n<meta name=\"twitter:card\" content=\"summary_large_image\" \/>\n<meta name=\"twitter:label1\" content=\"Est. reading time\" \/>\n\t<meta name=\"twitter:data1\" content=\"1 minute\" \/>\n<script type=\"application\/ld+json\" class=\"yoast-schema-graph\">{\"@context\":\"https:\/\/schema.org\",\"@graph\":[{\"@type\":\"WebPage\",\"@id\":\"https:\/\/espacenapaga.com\/en\/archaeology\/exhibits\/ura-immersive-trail\/\",\"url\":\"https:\/\/espacenapaga.com\/en\/archaeology\/exhibits\/ura-immersive-trail\/\",\"name\":\"URA Immersive Trail - Espace NAPAGA\",\"isPartOf\":{\"@id\":\"https:\/\/espacenapaga.com\/en\/#website\"},\"datePublished\":\"2025-03-04T20:28:45+00:00\",\"dateModified\":\"2025-04-30T15:50:18+00:00\",\"breadcrumb\":{\"@id\":\"https:\/\/espacenapaga.com\/en\/archaeology\/exhibits\/ura-immersive-trail\/#breadcrumb\"},\"inLanguage\":\"en-US\",\"potentialAction\":[{\"@type\":\"ReadAction\",\"target\":[\"https:\/\/espacenapaga.com\/en\/archaeology\/exhibits\/ura-immersive-trail\/\"]}]},{\"@type\":\"BreadcrumbList\",\"@id\":\"https:\/\/espacenapaga.com\/en\/archaeology\/exhibits\/ura-immersive-trail\/#breadcrumb\",\"itemListElement\":[{\"@type\":\"ListItem\",\"position\":1,\"name\":\"Home\",\"item\":\"https:\/\/espacenapaga.com\/en\/\"},{\"@type\":\"ListItem\",\"position\":2,\"name\":\"Archaeology\",\"item\":\"https:\/\/espacenapaga.com\/en\/archaeology\/\"},{\"@type\":\"ListItem\",\"position\":3,\"name\":\"Exhibits\",\"item\":\"https:\/\/espacenapaga.com\/en\/archaeology\/exhibits\/\"},{\"@type\":\"ListItem\",\"position\":4,\"name\":\"URA Immersive Trail\"}]},{\"@type\":\"WebSite\",\"@id\":\"https:\/\/espacenapaga.com\/en\/#website\",\"url\":\"https:\/\/espacenapaga.com\/en\/\",\"name\":\"Espace Napaga\",\"description\":\"Nature et arch\u00e9ologique \u00e0 Pabos Mills en Gasp\u00e9sie\",\"publisher\":{\"@id\":\"https:\/\/espacenapaga.com\/en\/#organization\"},\"potentialAction\":[{\"@type\":\"SearchAction\",\"target\":{\"@type\":\"EntryPoint\",\"urlTemplate\":\"https:\/\/espacenapaga.com\/en\/?s={search_term_string}\"},\"query-input\":{\"@type\":\"PropertyValueSpecification\",\"valueRequired\":true,\"valueName\":\"search_term_string\"}}],\"inLanguage\":\"en-US\"},{\"@type\":\"Organization\",\"@id\":\"https:\/\/espacenapaga.com\/en\/#organization\",\"name\":\"Espace Napaga\",\"url\":\"https:\/\/espacenapaga.com\/en\/\",\"logo\":{\"@type\":\"ImageObject\",\"inLanguage\":\"en-US\",\"@id\":\"https:\/\/espacenapaga.com\/en\/#\/schema\/logo\/image\/\",\"url\":\"https:\/\/napaga.s3.bhs.io.cloud.ovh.net\/2025\/02\/napaga-logoprincipal-orange-2-2.png\",\"contentUrl\":\"https:\/\/napaga.s3.bhs.io.cloud.ovh.net\/2025\/02\/napaga-logoprincipal-orange-2-2.png\",\"width\":150,\"height\":151,\"caption\":\"Espace Napaga\"},\"image\":{\"@id\":\"https:\/\/espacenapaga.com\/en\/#\/schema\/logo\/image\/\"},\"sameAs\":[\"https:\/\/www.facebook.com\/LeBourgDePabos\",\"https:\/\/www.instagram.com\/bourgdepabos\/\"]}]}<\/script>\n<!-- \/ Yoast SEO plugin. -->","yoast_head_json":{"title":"URA Immersive Trail - Espace NAPAGA","robots":{"index":"index","follow":"follow","max-snippet":"max-snippet:-1","max-image-preview":"max-image-preview:large","max-video-preview":"max-video-preview:-1"},"canonical":"https:\/\/espacenapaga.com\/en\/archaeology\/exhibits\/ura-immersive-trail\/","og_locale":"en_US","og_type":"article","og_title":"URA Immersive Trail - Espace NAPAGA","og_url":"https:\/\/espacenapaga.com\/en\/archaeology\/exhibits\/ura-immersive-trail\/","og_site_name":"Espace NAPAGA","article_publisher":"https:\/\/www.facebook.com\/LeBourgDePabos","article_modified_time":"2025-04-30T15:50:18+00:00","og_image":[{"width":1200,"height":630,"url":"https:\/\/napaga.s3.bhs.io.cloud.ovh.net\/2025\/04\/napaga-social-1.jpg","type":"image\/jpeg"}],"twitter_card":"summary_large_image","twitter_misc":{"Est. reading time":"1 minute"},"schema":{"@context":"https:\/\/schema.org","@graph":[{"@type":"WebPage","@id":"https:\/\/espacenapaga.com\/en\/archaeology\/exhibits\/ura-immersive-trail\/","url":"https:\/\/espacenapaga.com\/en\/archaeology\/exhibits\/ura-immersive-trail\/","name":"URA Immersive Trail - Espace NAPAGA","isPartOf":{"@id":"https:\/\/espacenapaga.com\/en\/#website"},"datePublished":"2025-03-04T20:28:45+00:00","dateModified":"2025-04-30T15:50:18+00:00","breadcrumb":{"@id":"https:\/\/espacenapaga.com\/en\/archaeology\/exhibits\/ura-immersive-trail\/#breadcrumb"},"inLanguage":"en-US","potentialAction":[{"@type":"ReadAction","target":["https:\/\/espacenapaga.com\/en\/archaeology\/exhibits\/ura-immersive-trail\/"]}]},{"@type":"BreadcrumbList","@id":"https:\/\/espacenapaga.com\/en\/archaeology\/exhibits\/ura-immersive-trail\/#breadcrumb","itemListElement":[{"@type":"ListItem","position":1,"name":"Home","item":"https:\/\/espacenapaga.com\/en\/"},{"@type":"ListItem","position":2,"name":"Archaeology","item":"https:\/\/espacenapaga.com\/en\/archaeology\/"},{"@type":"ListItem","position":3,"name":"Exhibits","item":"https:\/\/espacenapaga.com\/en\/archaeology\/exhibits\/"},{"@type":"ListItem","position":4,"name":"URA Immersive Trail"}]},{"@type":"WebSite","@id":"https:\/\/espacenapaga.com\/en\/#website","url":"https:\/\/espacenapaga.com\/en\/","name":"Espace Napaga","description":"Nature et arch\u00e9ologique \u00e0 Pabos Mills en Gasp\u00e9sie","publisher":{"@id":"https:\/\/espacenapaga.com\/en\/#organization"},"potentialAction":[{"@type":"SearchAction","target":{"@type":"EntryPoint","urlTemplate":"https:\/\/espacenapaga.com\/en\/?s={search_term_string}"},"query-input":{"@type":"PropertyValueSpecification","valueRequired":true,"valueName":"search_term_string"}}],"inLanguage":"en-US"},{"@type":"Organization","@id":"https:\/\/espacenapaga.com\/en\/#organization","name":"Espace Napaga","url":"https:\/\/espacenapaga.com\/en\/","logo":{"@type":"ImageObject","inLanguage":"en-US","@id":"https:\/\/espacenapaga.com\/en\/#\/schema\/logo\/image\/","url":"https:\/\/napaga.s3.bhs.io.cloud.ovh.net\/2025\/02\/napaga-logoprincipal-orange-2-2.png","contentUrl":"https:\/\/napaga.s3.bhs.io.cloud.ovh.net\/2025\/02\/napaga-logoprincipal-orange-2-2.png","width":150,"height":151,"caption":"Espace Napaga"},"image":{"@id":"https:\/\/espacenapaga.com\/en\/#\/schema\/logo\/image\/"},"sameAs":["https:\/\/www.facebook.com\/LeBourgDePabos","https:\/\/www.instagram.com\/bourgdepabos\/"]}]}},"_links":{"self":[{"href":"https:\/\/espacenapaga.com\/en\/wp-json\/wp\/v2\/pages\/1195","targetHints":{"allow":["GET"]}}],"collection":[{"href":"https:\/\/espacenapaga.com\/en\/wp-json\/wp\/v2\/pages"}],"about":[{"href":"https:\/\/espacenapaga.com\/en\/wp-json\/wp\/v2\/types\/page"}],"author":[{"embeddable":true,"href":"https:\/\/espacenapaga.com\/en\/wp-json\/wp\/v2\/users\/1"}],"replies":[{"embeddable":true,"href":"https:\/\/espacenapaga.com\/en\/wp-json\/wp\/v2\/comments?post=1195"}],"version-history":[{"count":2,"href":"https:\/\/espacenapaga.com\/en\/wp-json\/wp\/v2\/pages\/1195\/revisions"}],"predecessor-version":[{"id":1277,"href":"https:\/\/espacenapaga.com\/en\/wp-json\/wp\/v2\/pages\/1195\/revisions\/1277"}],"up":[{"embeddable":true,"href":"https:\/\/espacenapaga.com\/en\/wp-json\/wp\/v2\/pages\/1197"}],"wp:attachment":[{"href":"https:\/\/espacenapaga.com\/en\/wp-json\/wp\/v2\/media?parent=1195"}],"curies":[{"name":"wp","href":"https:\/\/api.w.org\/{rel}","templated":true}]}}