{"id":1180,"date":"2025-01-13T09:57:10","date_gmt":"2025-01-13T14:57:10","guid":{"rendered":"https:\/\/espacenapaga.com\/?page_id=1180"},"modified":"2026-02-06T14:35:25","modified_gmt":"2026-02-06T19:35:25","slug":"home","status":"publish","type":"page","link":"https:\/\/espacenapaga.com\/en\/","title":{"rendered":"Home"},"content":{"rendered":"<div class=\"htb htb-hero-accueil   default-margin-top  default-margin-bottom  htb-uid-1 \" style=\"background-image: url(https:\/\/napaga.s3.bhs.io.cloud.ovh.net\/2025\/02\/hero-1-scaled.jpg);\"  >\r\n\t<div class=\"container-xl\">\r\n\t\t<div class=\"row align-items-center justify-content-center\">\r\n\t\t\t<div class=\"col-12\">\r\n\t\t\t\t<div class=\"content-box text-center white\">\r\n\t\t\t\t\t<h1 class=\"orange\">Explore <span class=\"white\"><br>our archaeological site\n<\/span><\/h1>\t\t\t\t\t<div class=\"btn-box\">\r\n\t\t\t\t\t\t\t\t\t\t\t<\/div>\r\n\t\t\t\t<\/div>\r\n\t\t\t<\/div>\r\n\t\t<\/div>\r\n\t<\/div>\r\n<\/div>\r\n\n\n<a id=\"discover-museum\" class=\"htb htb-ancre   default-margin-top  default-margin-bottom  htb-uid-2 \" ><\/a>\n\n<div class=\"htb htb-texte-image    default-margin-top  default-margin-bottom  bg-color color-white  htb-uid-3  pic_left\" >\r\n\t<div class=\"container-xl\">\r\n\t\t<div class=\"row align-items-center\">\r\n\t\t\t<div class=\"col-lg-6 col-image  order-2 order-lg-1\">\r\n\t\t\t\t\t\t\t\t\t\t\t\t\t<div class=\"img-box\">\r\n\t\t\t\t\t\t<div class=\"bg-deco-box deco_orange_1\">\r\n\t\t\t\t\t\t\t<div class=\"img-first-line\">\r\n\t\t\t\t\t\t\t\t<div class=\"img-1-box\">\r\n\t\t\t\t\t\t\t\t\t<img decoding=\"async\" src=\"https:\/\/napaga.s3.bhs.io.cloud.ovh.net\/2025\/02\/tente2.jpg\" alt=\"\" class=\"img-fluid\">\r\n\t\t\t\t\t\t\t\t<\/div>\r\n\t\t\t\t\t\t\t\t<div class=\"img-2-box\">\r\n\t\t\t\t\t\t\t\t\t<img decoding=\"async\" src=\"https:\/\/napaga.s3.bhs.io.cloud.ovh.net\/2025\/02\/image-1.jpg\" alt=\"\" class=\"img-fluid\">\r\n\t\t\t\t\t\t\t\t<\/div>\r\n\t\t\t\t\t\t\t<\/div>\r\n\r\n\t\t\t\t\t\t\t<div class=\"img-3-box\">\r\n\t\t\t\t\t\t\t\t<img decoding=\"async\" src=\"https:\/\/napaga.s3.bhs.io.cloud.ovh.net\/2025\/02\/chok8884-web.jpg\" alt=\"\" class=\"img-fluid\">\r\n\t\t\t\t\t\t\t<\/div>\r\n\t\t\t\t\t\t<\/div>\r\n\t\t\t\t\t<\/div>\r\n\t\t\t\t\t\t\t<\/div>\r\n\t\t\t<div class=\"col-text col-lg-6 order-1 order-lg-2 \">\r\n\t\t\t\t<div class=\"content-box\">\r\n\t\t\t\t\t<h2 class=\"title\">An open-air archaeological museum<\/h2>\t\t\t\t\t<p>A timeless museum complex, <strong>Espace NAPAGA<\/strong> is located on the Pabos archaeological site, ensuring its preservation. More than 18,500 artifacts have been discovered to date, reconstructing daily life in the Gasp\u00e9 coast\u2019s largest permanent commercial fishing establishment in the 18th and 19th centuries.<\/p>\n<p>Against the backdrop of a breathtaking thousand-year-old panorama, everything you experience at <strong>NAPAGA<\/strong> will immerse you in 250 years of history of a maritime seigneury, through the lives and adventures of the inhabitants of New France. Archaeology comes to life in the great outdoors.<\/p>\n\t\t\t\t\t<div class=\"bts-box\">\t<a class=\"btn btn-primary\" href=\"https:\/\/espacenapaga.com\/en\/archaeology\/\" target=\"\" title=\"Archaeology\"  >Learn more<\/a>\r\n<\/div>\r\n\t\t\t\t<\/div>\r\n\t\t\t<\/div>\r\n\t\t<\/div>\r\n\t<\/div>\r\n<\/div>\r\n\n\n<div class='htb htb-bootsrap-container bg-color color-vert-fonce'><div class=\"wp-bootstrap-blocks-container container mb-0\">\n\t\n\n<h2 class=\"wp-block-heading has-text-align-center\">Experience history and create your own with our<span class=\"color-text-orange\"> immersive interpretive activities<\/span> and <span class=\"color-text-orange\">nature-centred accommodation <\/span>options<\/h2>\n\n\n\n<div style=\"height:20px\" aria-hidden=\"true\" class=\"wp-block-spacer\"><\/div>\n\n\n<div class=\"wp-bootstrap-blocks-row row\">\n\t\n\n<div class=\"col-12 col-md-6 col-lg-3\">\n\t\t\t\n<div class=\"htb htb-boite-lien   default-margin-top  default-margin-bottom  htb-uid-4 \" >\r\n\t<div class=\"boite-lien boite_orange\">\r\n\t\t<a href=\"https:\/\/espacenapaga.com\/en\/ticketing\/\" target=\"\">\r\n\t\t\t<span class=\"logo\"><\/span>\r\n\t\t\t<h3 class=\"title\">Ticketing<\/h3>\t\t\t<span class=\"fleche\"><\/span>\r\n\t\t<\/a>\r\n\t<\/div>\r\n\r\n<\/div>\r\n\n\t<\/div>\n\n\n\n<div class=\"col-12 col-md-6 col-lg-3\">\n\t\t\t\n<div class=\"htb htb-boite-lien   default-margin-top  default-margin-bottom  htb-uid-5 \" >\r\n\t<div class=\"boite-lien boite_vert_pale\">\r\n\t\t<a href=\"https:\/\/espacenapaga.com\/en\/archaeology\/exhibits\/permanent-exhibits-and-recreational-activities\/\" target=\"\">\r\n\t\t\t<span class=\"logo\"><\/span>\r\n\t\t\t<h3 class=\"title\">Exhibits <\/h3>\t\t\t<span class=\"fleche\"><\/span>\r\n\t\t<\/a>\r\n\t<\/div>\r\n\r\n<\/div>\r\n\n\t<\/div>\n\n\n\n<div class=\"col-12 col-md-6 col-lg-3\">\n\t\t\t\n<div class=\"htb htb-boite-lien   default-margin-top  default-margin-bottom  htb-uid-6 \" >\r\n\t<div class=\"boite-lien boite_beige\">\r\n\t\t<a href=\"https:\/\/espacenapaga.com\/en\/extra\/campground\/\" target=\"\">\r\n\t\t\t<span class=\"logo\"><\/span>\r\n\t\t\t<h3 class=\"title\">Campground <\/h3>\t\t\t<span class=\"fleche\"><\/span>\r\n\t\t<\/a>\r\n\t<\/div>\r\n\r\n<\/div>\r\n\n\t<\/div>\n\n\n\n<div class=\"col-12 col-md-6 col-lg-3\">\n\t\t\t\n<div class=\"htb htb-boite-lien   default-margin-top  default-margin-bottom  htb-uid-7 \" >\r\n\t<div class=\"boite-lien boite_bleu\">\r\n\t\t<a href=\"https:\/\/espacenapaga.com\/en\/play\/\" target=\"\">\r\n\t\t\t<span class=\"logo\"><\/span>\r\n\t\t\t<h3 class=\"title\">Nature Activities<\/h3>\t\t\t<span class=\"fleche\"><\/span>\r\n\t\t<\/a>\r\n\t<\/div>\r\n\r\n<\/div>\r\n\n\t<\/div>\n\n<\/div>\n\n<\/div>\n<\/div>\n\n<div class=\"htb htb-boite-sourire   default-margin-top  default-margin-bottom  bg-color color-vert-fonce  htb-uid-9 \" >\r\n\t<div class=\"bg-image-mask\" style=\"background-image: url(https:\/\/napaga.s3.bhs.io.cloud.ovh.net\/2025\/03\/img-1.jpg);\" >\r\n\t<\/div>\r\n\t<div class=\"container-xl\">\r\n\t\t<div class=\"row\">\r\n\t\t\t<div class=\"col-12\">\r\n\t\t\t\t<div class=\"boite-blanche\">\r\n\t\t\t\t\t<div class=\"img-logo\"><\/div>\r\n\t\t\t\t\t<div class=\"row\">\r\n\t\t\t\t\t\t<div class=\"col-10 col-md-6 offset-1\">\r\n\t\t\t\t\t\t\t\t\t\t\t\t\t\t\t<div class=\"title-box\">\r\n\t\t\t\t\t\t\t\t\t<h2 class=\"title orange\">Where history welcomes you<\/h2>\r\n\t\t\t\t\t\t\t\t<\/div>\r\n\t\t\t\t\t\t\t\t\t\t\t\t\t\t<div class=\"content-box\">\r\n\t\t\t\t\t\t\t\t\n\n<p>Arriving via Route 132 in the Pabos Mills sector of the town of Chandler, a warm Gasp\u00e9 welcome awaits you. <strong>Espace NAPAGA<\/strong> reveals the secrets and finest attractions of the Pabos archaeological site.<\/p>\n\n\n<div class=\"htb htb-boutton   default-margin-top  default-margin-bottom  htb-uid-8  \" >\r\n\t<a class=\"btn btn-primary\" href=\"https:\/\/espacenapaga.com\/en\/about-us\/\" target=\"\" title=\"About Us\"  > It\u2019s this way!<\/a>\r\n<\/div>\n\r\n\t\t\t\t\t\t\t<\/div>\r\n\t\t\t\t\t\t<\/div>\r\n\t\t\t\t\t<\/div>\r\n\t\t\t\t<\/div>\r\n\t\t\t<\/div>\r\n\t\t<\/div>\r\n\t<\/div>\r\n<\/div>\r\n\n\n<div class=\"htb htb-liste-nouvelles   default-margin-top  default-margin-bottom  htb-uid-10  \" >\r\n\t<div class=\"container-xl henri-posts-listing\" data-pagesize=\"3\" data-posttype=\"post\" data-itemfile=\"\/_blocks\/liste_nouvelles\/view\/post_list_item.php\" data-orderby=\"date\" data-order=\"DESC\">\r\n\t\t\t\t\t<div class=\"row\">\r\n\t\t\t\t<div class=\"col-12\">\r\n\t\t\t\t\t\t\t\t\t\t\t<div class=\"title-box\">\r\n\t\t\t\t\t\t\t<h2>News<\/h2>\r\n\t\t\t\t\t\t<\/div>\r\n\t\t\t\t\t\t\t\t\t\t\t\t\t\t<\/div>\r\n\t\t\t<\/div>\r\n\t\t\t\t<div class=\"row\">\r\n\t\t\t<div class=\"col-12\">\r\n\t\t\t\t<div class=\"search-box\">\r\n\t\t\t\t<form class=\"search-form hpl-search-form\">\r\n\t\t\t\t\t<div class=\"input-group\">\r\n\t\t\t\t\t<input type=\"text\" id=\"keyword\" placeholder=\"Search\" class=\"form-control hpl-search-input\"\/>\r\n\t\t\t\t\t<input type=\"submit\" value=\"Search\" class=\"btn\">\r\n\t\t\t\t\t<\/div>\r\n\t\t\t\t<\/form>\r\n\t\t\t\t<\/div>\r\n\t\t\t\t<div class=\"cat-filters-box hpl-filter-menu\" data-filterby=\"category\" data-filtertype=\"taxonomy\" data-filtercumulative=\"false\">\r\n\t\t\t\t\t<div class=\"item\">\r\n\t\t\t\t\t\t<a href=\"#\" class=\"hpl-filter-menu-item\" data-value=\"all\">\r\n\t\t\t\t\t\t\t<span class=\"liste-txt\">All categories <span class=\"chiffre-txt\">(4)<\/span><\/span>\r\n\t\t\t\t\t\t<\/a>\r\n\t\t\t\t\t<\/div>\r\n\t\t\t\t\t\t\t\t\t\t\t<div class=\"item\">\r\n\t\t\t\t\t\t\t<a href=\"#\" class=\"hpl-filter-menu-item hpl-filter-menu-item-54 hpl-filter-menu-item-color-vert-pale-1\" data-value=\"press-releases\">\r\n\t\t\t\t\t\t\t\t<span class=\"liste-txt\">Press Releases <span class=\"chiffre-txt\">(2)<\/span><\/span>\r\n\t\t\t\t\t\t\t<\/a>\r\n\t\t\t\t\t\t<\/div>\r\n\t\t\t\t\t\t\t\t\t<\/div>\r\n<!--\t\t\t\t<div class=\"page-filters-box\">-->\r\n<!--\t\t\t\t\t<label for=\"result-by-page\" class=\"\">R\u00e9sultats par page:<\/label>-->\r\n<!--\t\t\t\t\t<select id=\"result-by-page\" class=\"hpl-page-size-select\">-->\r\n<!--\t\t\t\t\t\t<option value=\"3\" selected>3<\/option>-->\r\n<!--\t\t\t\t\t\t<option value=\"9\">9<\/option>-->\r\n<!--\t\t\t\t\t\t<option value=\"20\">20<\/option>-->\r\n<!--\t\t\t\t\t\t<option value=\"30\">30<\/option>-->\r\n<!--\t\t\t\t\t<\/select>-->\r\n<!--\t\t\t\t<\/div>-->\r\n\t\t\t<\/div>\r\n\r\n\t\t<\/div>\r\n\t\t<div class=\"grille-posts\">\r\n\t\t\t<div class=\"row\">\r\n\t\t\t\t<div class=\"col-12\">\r\n\t\t\t\t\t<div class=\"hpl-content row\">\r\n\t\t\t\t\t\t\t\t\t\t\t<\/div>\r\n\t\t\t\t\t<div class=\"hpl-loading hide\">\r\n\t\t\t\t\t\t<p>Loading&#8230;<\/p>\r\n\t\t\t\t\t<\/div>\r\n\t\t\t\t\t<div class=\"hpl-noresults hide\">\r\n\t\t\t\t\t\t<p>No results.<\/p>\r\n\t\t\t\t\t<\/div>\r\n                                            <div class=\"bt-page-actu\">\r\n                            <a href=\"https:\/\/espacenapaga.com\/en\/news\/\" class=\"btn btn-secondary\">See all news<\/a>\r\n                        <\/div>\r\n                    \t\t\t\t\t<div class=\"pagination-page-box hide hpl-show-if-results\">\r\n\t\t\t\t\t\t<nav aria-label=\"Pagination\">\r\n\t\t\t\t\t\t\t<ul class=\"pagination\">\r\n\t\t\t\t\t\t\t\t<li class=\"page-item\">\r\n\t\t\t\t\t\t\t\t\t<a class=\"btn hpl-previous-page-btn\"><span class=\"txt-prec-suiv\"><\/span><span class=\"fleche\"><<\/span> Previous page<\/a>\r\n\t\t\t\t\t\t\t\t<\/li>\r\n\t\t\t\t\t\t\t\t<div class=\"hpl-page-numbers-nav\"><\/div>\r\n\t\t\t\t\t\t\t\t<li class=\"page-item\"><a class=\"btn hpl-next-page-btn\" href=\"#\"><span class=\"txt-prec-suiv\">Next page <\/span><span class=\"fleche\">><\/span><\/a>\r\n\t\t\t\t\t\t\t\t<\/li>\r\n\t\t\t\t\t\t\t<\/ul>\r\n\t\t\t\t\t\t\t<ul class=\"pagination pagin-results\">\r\n\t\t\t\t\t\t\t\t<li class=\"page-item resultats-li \">Results&nbsp;<span class=\"hpl-first-item-position\"><\/span>&nbsp;to&nbsp;<span class=\"hpl-last-item-position\"><\/span>&nbsp;of&nbsp;<span class=\"hpl-total-count\"><\/span><\/li>\r\n\t\t\t\t\t\t\t<\/ul>\r\n\t\t\t\t\t\t<\/nav>\r\n\t\t\t\t\t<\/div>\r\n\t\t\t\t<\/div>\r\n\t\t\t<\/div>\r\n\t\t<\/div>\r\n\t<\/div>\r\n<\/div>\r\n\n\n<div class=\"htb htb-Bande-texte-bouton   default-margin-top  default-margin-bottom  bg-color color-vert-pale  htb-uid-11 \" >\r\n\t<div class=\"container-xl\">\r\n\t\t<div class=\"row\">\r\n\t\t\t<div class=\"col-md-9\">\r\n\t\t\t\t<div class=\"title-box\">\r\n\t\t\t\t\t<p>Plan your visit today!<\/p>\n\t\t\t\t<\/div>\r\n\t\t\t<\/div>\r\n\t\t\t<div class=\"col-md-3\">\r\n\t\t\t\t<div class=\"bt-box\">\r\n\t\t\t\t\t<a href=\"https:\/\/espacenapaga.com\/en\/ticketing\/\" target=\"\">See pricing<\/a>\r\n\t\t\t\t<\/div>\r\n\t\t\t<\/div>\r\n\t\t<\/div>\r\n\t<\/div>\r\n<\/div>","protected":false},"excerpt":{"rendered":"","protected":false},"author":1,"featured_media":0,"parent":0,"menu_order":0,"comment_status":"closed","ping_status":"closed","template":"","meta":{"_acf_changed":false,"footnotes":""},"class_list":["post-1180","page","type-page","status-publish","hentry"],"acf":[],"yoast_head":"<!-- This site is optimized with the Yoast SEO plugin v26.4 - https:\/\/yoast.com\/wordpress\/plugins\/seo\/ -->\n<title>Home - Espace NAPAGA<\/title>\n<meta name=\"robots\" content=\"index, follow, max-snippet:-1, max-image-preview:large, max-video-preview:-1\" \/>\n<link rel=\"canonical\" href=\"https:\/\/espacenapaga.com\/en\/\" \/>\n<meta property=\"og:locale\" content=\"en_US\" \/>\n<meta property=\"og:type\" content=\"article\" \/>\n<meta property=\"og:title\" content=\"Home - Espace NAPAGA\" \/>\n<meta property=\"og:url\" content=\"https:\/\/espacenapaga.com\/en\/\" \/>\n<meta property=\"og:site_name\" content=\"Espace NAPAGA\" \/>\n<meta property=\"article:publisher\" content=\"https:\/\/www.facebook.com\/LeBourgDePabos\" \/>\n<meta property=\"article:modified_time\" content=\"2026-02-06T19:35:25+00:00\" \/>\n<meta property=\"og:image\" content=\"https:\/\/napaga.s3.bhs.io.cloud.ovh.net\/2025\/04\/napaga-social-1-1024x538.jpg\" \/>\n<meta name=\"twitter:card\" content=\"summary_large_image\" \/>\n<meta name=\"twitter:label1\" content=\"Est. reading time\" \/>\n\t<meta name=\"twitter:data1\" content=\"1 minute\" \/>\n<script type=\"application\/ld+json\" class=\"yoast-schema-graph\">{\"@context\":\"https:\/\/schema.org\",\"@graph\":[{\"@type\":\"WebPage\",\"@id\":\"https:\/\/espacenapaga.com\/en\/\",\"url\":\"https:\/\/espacenapaga.com\/en\/\",\"name\":\"Home - Espace NAPAGA\",\"isPartOf\":{\"@id\":\"https:\/\/espacenapaga.com\/en\/#website\"},\"datePublished\":\"2025-01-13T14:57:10+00:00\",\"dateModified\":\"2026-02-06T19:35:25+00:00\",\"breadcrumb\":{\"@id\":\"https:\/\/espacenapaga.com\/en\/#breadcrumb\"},\"inLanguage\":\"en-US\",\"potentialAction\":[{\"@type\":\"ReadAction\",\"target\":[\"https:\/\/espacenapaga.com\/en\/\"]}]},{\"@type\":\"BreadcrumbList\",\"@id\":\"https:\/\/espacenapaga.com\/en\/#breadcrumb\",\"itemListElement\":[{\"@type\":\"ListItem\",\"position\":1,\"name\":\"Home\",\"item\":\"https:\/\/espacenapaga.com\/en\/\"},{\"@type\":\"ListItem\",\"position\":2,\"name\":\"Home\"}]},{\"@type\":\"WebSite\",\"@id\":\"https:\/\/espacenapaga.com\/en\/#website\",\"url\":\"https:\/\/espacenapaga.com\/en\/\",\"name\":\"Espace Napaga\",\"description\":\"Nature et arch\u00e9ologique \u00e0 Pabos Mills en Gasp\u00e9sie\",\"publisher\":{\"@id\":\"https:\/\/espacenapaga.com\/en\/#organization\"},\"potentialAction\":[{\"@type\":\"SearchAction\",\"target\":{\"@type\":\"EntryPoint\",\"urlTemplate\":\"https:\/\/espacenapaga.com\/en\/?s={search_term_string}\"},\"query-input\":{\"@type\":\"PropertyValueSpecification\",\"valueRequired\":true,\"valueName\":\"search_term_string\"}}],\"inLanguage\":\"en-US\"},{\"@type\":\"Organization\",\"@id\":\"https:\/\/espacenapaga.com\/en\/#organization\",\"name\":\"Espace Napaga\",\"url\":\"https:\/\/espacenapaga.com\/en\/\",\"logo\":{\"@type\":\"ImageObject\",\"inLanguage\":\"en-US\",\"@id\":\"https:\/\/espacenapaga.com\/en\/#\/schema\/logo\/image\/\",\"url\":\"https:\/\/napaga.s3.bhs.io.cloud.ovh.net\/2025\/02\/napaga-logoprincipal-orange-2-2.png\",\"contentUrl\":\"https:\/\/napaga.s3.bhs.io.cloud.ovh.net\/2025\/02\/napaga-logoprincipal-orange-2-2.png\",\"width\":150,\"height\":151,\"caption\":\"Espace Napaga\"},\"image\":{\"@id\":\"https:\/\/espacenapaga.com\/en\/#\/schema\/logo\/image\/\"},\"sameAs\":[\"https:\/\/www.facebook.com\/LeBourgDePabos\",\"https:\/\/www.instagram.com\/bourgdepabos\/\"]}]}<\/script>\n<!-- \/ Yoast SEO plugin. -->","yoast_head_json":{"title":"Home - Espace NAPAGA","robots":{"index":"index","follow":"follow","max-snippet":"max-snippet:-1","max-image-preview":"max-image-preview:large","max-video-preview":"max-video-preview:-1"},"canonical":"https:\/\/espacenapaga.com\/en\/","og_locale":"en_US","og_type":"article","og_title":"Home - Espace NAPAGA","og_url":"https:\/\/espacenapaga.com\/en\/","og_site_name":"Espace NAPAGA","article_publisher":"https:\/\/www.facebook.com\/LeBourgDePabos","article_modified_time":"2026-02-06T19:35:25+00:00","og_image":[{"url":"https:\/\/napaga.s3.bhs.io.cloud.ovh.net\/2025\/04\/napaga-social-1-1024x538.jpg","type":"","width":"","height":""}],"twitter_card":"summary_large_image","twitter_misc":{"Est. reading time":"1 minute"},"schema":{"@context":"https:\/\/schema.org","@graph":[{"@type":"WebPage","@id":"https:\/\/espacenapaga.com\/en\/","url":"https:\/\/espacenapaga.com\/en\/","name":"Home - Espace NAPAGA","isPartOf":{"@id":"https:\/\/espacenapaga.com\/en\/#website"},"datePublished":"2025-01-13T14:57:10+00:00","dateModified":"2026-02-06T19:35:25+00:00","breadcrumb":{"@id":"https:\/\/espacenapaga.com\/en\/#breadcrumb"},"inLanguage":"en-US","potentialAction":[{"@type":"ReadAction","target":["https:\/\/espacenapaga.com\/en\/"]}]},{"@type":"BreadcrumbList","@id":"https:\/\/espacenapaga.com\/en\/#breadcrumb","itemListElement":[{"@type":"ListItem","position":1,"name":"Home","item":"https:\/\/espacenapaga.com\/en\/"},{"@type":"ListItem","position":2,"name":"Home"}]},{"@type":"WebSite","@id":"https:\/\/espacenapaga.com\/en\/#website","url":"https:\/\/espacenapaga.com\/en\/","name":"Espace Napaga","description":"Nature et arch\u00e9ologique \u00e0 Pabos Mills en Gasp\u00e9sie","publisher":{"@id":"https:\/\/espacenapaga.com\/en\/#organization"},"potentialAction":[{"@type":"SearchAction","target":{"@type":"EntryPoint","urlTemplate":"https:\/\/espacenapaga.com\/en\/?s={search_term_string}"},"query-input":{"@type":"PropertyValueSpecification","valueRequired":true,"valueName":"search_term_string"}}],"inLanguage":"en-US"},{"@type":"Organization","@id":"https:\/\/espacenapaga.com\/en\/#organization","name":"Espace Napaga","url":"https:\/\/espacenapaga.com\/en\/","logo":{"@type":"ImageObject","inLanguage":"en-US","@id":"https:\/\/espacenapaga.com\/en\/#\/schema\/logo\/image\/","url":"https:\/\/napaga.s3.bhs.io.cloud.ovh.net\/2025\/02\/napaga-logoprincipal-orange-2-2.png","contentUrl":"https:\/\/napaga.s3.bhs.io.cloud.ovh.net\/2025\/02\/napaga-logoprincipal-orange-2-2.png","width":150,"height":151,"caption":"Espace Napaga"},"image":{"@id":"https:\/\/espacenapaga.com\/en\/#\/schema\/logo\/image\/"},"sameAs":["https:\/\/www.facebook.com\/LeBourgDePabos","https:\/\/www.instagram.com\/bourgdepabos\/"]}]}},"_links":{"self":[{"href":"https:\/\/espacenapaga.com\/en\/wp-json\/wp\/v2\/pages\/1180","targetHints":{"allow":["GET"]}}],"collection":[{"href":"https:\/\/espacenapaga.com\/en\/wp-json\/wp\/v2\/pages"}],"about":[{"href":"https:\/\/espacenapaga.com\/en\/wp-json\/wp\/v2\/types\/page"}],"author":[{"embeddable":true,"href":"https:\/\/espacenapaga.com\/en\/wp-json\/wp\/v2\/users\/1"}],"replies":[{"embeddable":true,"href":"https:\/\/espacenapaga.com\/en\/wp-json\/wp\/v2\/comments?post=1180"}],"version-history":[{"count":12,"href":"https:\/\/espacenapaga.com\/en\/wp-json\/wp\/v2\/pages\/1180\/revisions"}],"predecessor-version":[{"id":3167,"href":"https:\/\/espacenapaga.com\/en\/wp-json\/wp\/v2\/pages\/1180\/revisions\/3167"}],"wp:attachment":[{"href":"https:\/\/espacenapaga.com\/en\/wp-json\/wp\/v2\/media?parent=1180"}],"curies":[{"name":"wp","href":"https:\/\/api.w.org\/{rel}","templated":true}]}}